{"id":421,"date":"2022-08-22T03:53:51","date_gmt":"2022-08-22T03:53:51","guid":{"rendered":"https:\/\/abexglobalhc.com\/vn\/?page_id=421"},"modified":"2023-03-29T06:28:44","modified_gmt":"2023-03-29T06:28:44","slug":"message-from-chairman","status":"publish","type":"page","link":"https:\/\/abexglobalhc.com\/vn\/vi\/about-us\/message-from-chairman\/","title":{"rendered":"Th\u00f4ng \u0111i\u1ec7p t\u1eeb Ch\u1ee7 t\u1ecbch"},"content":{"rendered":"<div data-elementor-type=\"wp-page\" data-elementor-id=\"421\" class=\"elementor elementor-421\">\n\t\t\t\t\t\t<section class=\"elementor-section elementor-top-section elementor-element elementor-element-2f8f20e7 elementor-section-boxed elementor-section-height-default elementor-section-height-default\" data-id=\"2f8f20e7\" data-element_type=\"section\" data-settings=\"{&quot;background_background&quot;:&quot;classic&quot;}\">\n\t\t\t\t\t\t\t<div class=\"elementor-background-overlay\"><\/div>\n\t\t\t\t\t\t\t<div class=\"elementor-container elementor-column-gap-default\">\n\t\t\t\t\t<div class=\"elementor-column elementor-col-100 elementor-top-column elementor-element elementor-element-20852fc5\" data-id=\"20852fc5\" data-element_type=\"column\">\n\t\t\t<div class=\"elementor-widget-wrap elementor-element-populated\">\n\t\t\t\t\t\t<div class=\"elementor-element elementor-element-180afad3 elementor-invisible elementor-widget elementor-widget-heading\" data-id=\"180afad3\" data-element_type=\"widget\" data-settings=\"{&quot;_animation&quot;:&quot;fadeInDown&quot;}\" data-widget_type=\"heading.default\">\n\t\t\t\t<div class=\"elementor-widget-container\">\n\t\t\t<style>\/*! elementor - v3.21.0 - 08-05-2024 *\/\n.elementor-heading-title{padding:0;margin:0;line-height:1}.elementor-widget-heading .elementor-heading-title[class*=elementor-size-]>a{color:inherit;font-size:inherit;line-height:inherit}.elementor-widget-heading .elementor-heading-title.elementor-size-small{font-size:15px}.elementor-widget-heading .elementor-heading-title.elementor-size-medium{font-size:19px}.elementor-widget-heading .elementor-heading-title.elementor-size-large{font-size:29px}.elementor-widget-heading .elementor-heading-title.elementor-size-xl{font-size:39px}.elementor-widget-heading .elementor-heading-title.elementor-size-xxl{font-size:59px}<\/style><h1 class=\"elementor-heading-title elementor-size-default\">Th\u00f4ng \u0111i\u1ec7p t\u1eeb Ch\u1ee7 t\u1ecbch<\/h1>\t\t<\/div>\n\t\t\t\t<\/div>\n\t\t\t\t\t<\/div>\n\t\t<\/div>\n\t\t\t\t\t<\/div>\n\t\t<\/section>\n\t\t\t\t<section class=\"elementor-section elementor-top-section elementor-element elementor-element-77b0ae3c elementor-section-boxed elementor-section-height-default elementor-section-height-default\" data-id=\"77b0ae3c\" data-element_type=\"section\">\n\t\t\t\t\t\t<div class=\"elementor-container elementor-column-gap-default\">\n\t\t\t\t\t<div class=\"elementor-column elementor-col-50 elementor-top-column elementor-element elementor-element-692993ec elementor-invisible\" data-id=\"692993ec\" data-element_type=\"column\" data-settings=\"{&quot;animation&quot;:&quot;fadeInLeft&quot;}\">\n\t\t\t<div class=\"elementor-widget-wrap elementor-element-populated\">\n\t\t\t\t\t\t<div class=\"elementor-element elementor-element-363808bf elementor-widget elementor-widget-heading\" data-id=\"363808bf\" data-element_type=\"widget\" data-widget_type=\"heading.default\">\n\t\t\t\t<div class=\"elementor-widget-container\">\n\t\t\t<h6 class=\"elementor-heading-title elementor-size-default\">Ch\u1ee7 t\u1ecbch<\/h6>\t\t<\/div>\n\t\t\t\t<\/div>\n\t\t\t\t<div class=\"elementor-element elementor-element-4359647b elementor-widget elementor-widget-heading\" data-id=\"4359647b\" data-element_type=\"widget\" data-widget_type=\"heading.default\">\n\t\t\t\t<div class=\"elementor-widget-container\">\n\t\t\t<h2 class=\"elementor-heading-title elementor-size-default\">YBHG. T\u00c2N SRI DATO&#039; DR. KUAN YONG KUAN<\/h2>\t\t<\/div>\n\t\t\t\t<\/div>\n\t\t\t\t<div class=\"elementor-element elementor-element-62a21b1 ekit-equal-height-disable elementor-widget elementor-widget-elementskit-icon-box\" data-id=\"62a21b1\" data-element_type=\"widget\" data-widget_type=\"elementskit-icon-box.default\">\n\t\t\t\t<div class=\"elementor-widget-container\">\n\t\t\t<div class=\"ekit-wid-con\" >        <!-- link opening -->\n                <!-- end link opening -->\n\n        <div class=\"elementskit-infobox text-left text- icon-lef-right-aligin elementor-animation-\">\n                        <div class=\"box-body\">\n                        \t\t  <p>Ch\u00e0o m\u1eebng v\u00e0 hoan ngh\u00eanh b\u1ea1n \u0111\u1ebfn v\u1edbi trang web \u0111\u00e3 \u0111\u01b0\u1ee3c c\u1ea3i ti\u1ebfn c\u1ee7a Abex Medical System Sdn. Bhd.\n<br><br>\nT\u1eeb khi th\u00e0nh l\u1eadp v\u00e0o n\u0103m 1981, Abex \u0111\u00e3 x\u00e2y d\u1ef1ng m\u1ed9t doanh nghi\u1ec7p d\u1ef1a tr\u00ean c\u00e1c gi\u00e1 tr\u1ecb c\u1ed1t l\u00f5i c\u1ee7a s\u1ef1 h\u00e0i l\u00f2ng c\u1ee7a kh\u00e1ch h\u00e0ng v\u00e0 chuy\u00ean nghi\u1ec7p. Qua c\u00e1c n\u0103m, ni\u1ec1m tin chuy\u00ean nghi\u1ec7p c\u1ee7a ch\u00fang t\u00f4i v\u00e0o \u0111\u1ea1o \u0111\u1ee9c v\u00e0 ch\u1ea5t l\u01b0\u1ee3ng \u0111\u00e3 ph\u00e1t tri\u1ec3n th\u00e0nh m\u1ed9t b\u1ed9 ti\u00eau chu\u1ea9n v\u00e0 th\u1ef1c h\u00e0nh doanh nghi\u1ec7p m\u00e0 ch\u00fang t\u00f4i s\u1eed d\u1ee5ng nh\u01b0 l\u00e0 ti\u00eau chu\u1ea9n xu\u1ea5t s\u1eafc c\u1ee7a m\u00ecnh. Ch\u00fang t\u00f4i tin r\u1eb1ng s\u1ef1 th\u00e0nh c\u00f4ng v\u00e0 s\u1ef1 ph\u00e1t tri\u1ec3n c\u1ee7a doanh nghi\u1ec7p c\u1ee7a ch\u00fang t\u00f4i c\u00f3 th\u1ec3 \u0111\u01b0\u1ee3c quy v\u1ec1 t\u00ednh nh\u1ea5t qu\u00e1n v\u1ec1 c\u00e1c ti\u00eau chu\u1ea9n v\u00e0 ch\u00ednh s\u00e1ch v\u00e0 v\u00e0o nh\u1eefng n\u1ed7 l\u1ef1c c\u1ee7a c\u00e1c \u0111\u1ed1i t\u00e1c \u0111\u1ecba ph\u01b0\u01a1ng v\u00e0 qu\u1ed1c t\u1ebf h\u1ed7 tr\u1ee3 c\u1ee7a ch\u00fang t\u00f4i.\n<br><br>\nL\u00e0 m\u1ed9t t\u1ed5 ch\u1ee9c h\u01b0\u1edbng t\u1edbi d\u1ecbch v\u1ee5, ch\u00fang t\u00f4i th\u1ef1c s\u1ef1 tin r\u1eb1ng nh\u00e2n vi\u00ean c\u1ee7a ch\u00fang t\u00f4i l\u00e0 \"t\u00e0i s\u1ea3n qu\u00fd gi\u00e1\" nh\u1ea5t c\u1ee7a ch\u00fang t\u00f4i. Tinh th\u1ea7n kh\u00f4ng bao gi\u1edd g\u1ee5c ng\u00e3 trong vi\u1ec7c ch\u1ea5p nh\u1eadn th\u00e1ch th\u1ee9c, v\u01b0\u1ee3t qua gi\u1edbi h\u1ea1n v\u00e0 \u0111\u1ea1t \u0111\u01b0\u1ee3c nh\u1eefng \u0111i\u1ec1u kh\u00f4ng th\u1ec3 l\u00e0 \u0111i\u1ec1u x\u00e1c \u0111\u1ecbnh \u0111\u1eb7c tr\u01b0ng cho c\u00e1c th\u00e0nh vi\u00ean trong \u0111\u1ed9i c\u1ee7a ch\u00fang t\u00f4i. \u0110\u1ed1i v\u1edbi ch\u00fang t\u00f4i, th\u00e1ch th\u1ee9c kh\u00f4ng ch\u1ec9 \u0111\u01b0\u1ee3c coi l\u00e0 c\u01a1 h\u1ed9i \u0111\u1ec3 ch\u1ee9ng minh s\u1ee9c m\u1ea1nh c\u1ee7a ch\u00fang t\u00f4i m\u00e0 c\u00f2n \u0111\u1ec3 \u0111\u1ea1t \u0111\u01b0\u1ee3c s\u1ef1 c\u1ea3i thi\u1ec7n li\u00ean t\u1ee5c.\n<br><br>\nDoanh nghi\u1ec7p c\u1ee7a ch\u00fang t\u00f4i l\u00e0 ch\u0103m s\u00f3c s\u1ee9c kh\u1ecfe. Nh\u1eefng ng\u01b0\u1eddi \u1ee7ng h\u1ed9 c\u1ee7a ch\u00fang t\u00f4i l\u00e0 c\u00e1c b\u00e1c s\u0129 v\u00e0 c\u00e1c b\u1ec7nh vi\u1ec7n. S\u1ee9c m\u1ea1nh c\u1ee7a ch\u00fang t\u00f4i l\u00e0 nh\u00e2n vi\u00ean c\u1ee7a ch\u00fang t\u00f4i. \u0110\u1ed9ng l\u1ef1c c\u1ee7a ch\u00fang t\u00f4i l\u00e0 ni\u1ec1m t\u1ef1 h\u00e0o trong t\u1ed5 ch\u1ee9c c\u1ee7a ch\u00fang t\u00f4i v\u00e0 nh\u1eefng g\u00ec n\u00f3 \u0111\u00e3 \u0111\u1ea1t \u0111\u01b0\u1ee3c trong su\u1ed1t 40 n\u0103m qua.\n<br><br>\nTri\u1ec3n v\u1ecdng ph\u00e1t tri\u1ec3n c\u1ee7a Abex trong v\u00f2ng n\u0103m n\u0103m t\u1edbi t\u1eadp trung v\u00e0o vi\u1ec7c m\u1edf r\u1ed9ng danh m\u1ee5c s\u1ea3n ph\u1ea9m v\u00e0 d\u1ecbch v\u1ee5 c\u1ee7a m\u00ecnh tr\u00ean th\u1ecb tr\u01b0\u1eddng ch\u0103m s\u00f3c s\u1ee9c kh\u1ecfe \u0110\u00f4ng Nam \u00c1. Ch\u00fang t\u00f4i t\u1ef1 h\u00e0o v\u1ec1 qu\u00e1 kh\u1ee9 c\u1ee7a m\u00ecnh trong vi\u1ec7c cung c\u1ea5p d\u1ecbch v\u1ee5 xu\u1ea5t s\u1eafc v\u00e0 hi\u1ec7n t\u1ea1i ch\u00fang t\u00f4i ho\u1ea1t \u0111\u1ed9ng t\u00edch c\u1ef1c v\u00e0 ch\u00fang t\u00f4i mong \u0111\u1ee3i v\u00e0o m\u1ed9t t\u01b0\u01a1ng lai h\u1ee9a h\u1eb9n.<\/p>\n                                <\/div>\n        \n        \n                <\/div>\n        <\/div>\t\t<\/div>\n\t\t\t\t<\/div>\n\t\t\t\t\t<\/div>\n\t\t<\/div>\n\t\t\t\t<div class=\"elementor-column elementor-col-50 elementor-top-column elementor-element elementor-element-29168569 elementor-invisible\" data-id=\"29168569\" data-element_type=\"column\" data-settings=\"{&quot;animation&quot;:&quot;fadeInDown&quot;}\">\n\t\t\t<div class=\"elementor-widget-wrap elementor-element-populated\">\n\t\t\t\t\t\t<div class=\"elementor-element elementor-element-fef990e elementor-widget elementor-widget-image\" data-id=\"fef990e\" data-element_type=\"widget\" data-widget_type=\"image.default\">\n\t\t\t\t<div class=\"elementor-widget-container\">\n\t\t\t<style>\/*! elementor - v3.21.0 - 08-05-2024 *\/\n.elementor-widget-image{text-align:center}.elementor-widget-image a{display:inline-block}.elementor-widget-image a img[src$=\".svg\"]{width:48px}.elementor-widget-image img{vertical-align:middle;display:inline-block}<\/style>\t\t\t\t\t\t\t\t\t\t<img fetchpriority=\"high\" decoding=\"async\" width=\"454\" height=\"680\" src=\"https:\/\/abexglobalhc.com\/vn\/wp-content\/uploads\/2022\/09\/abex-chairman.jpg\" class=\"attachment-full size-full wp-image-526\" alt=\"\" srcset=\"https:\/\/abexglobalhc.com\/vn\/wp-content\/uploads\/2022\/09\/abex-chairman.jpg 454w, https:\/\/abexglobalhc.com\/vn\/wp-content\/uploads\/2022\/09\/abex-chairman-200x300.jpg 200w\" sizes=\"(max-width: 454px) 100vw, 454px\" \/>\t\t\t\t\t\t\t\t\t\t\t\t\t<\/div>\n\t\t\t\t<\/div>\n\t\t\t\t\t<\/div>\n\t\t<\/div>\n\t\t\t\t\t<\/div>\n\t\t<\/section>\n\t\t\t\t<\/div>","protected":false},"excerpt":{"rendered":"<p>Chairman YBHG. TAN SRI DATO\u2019 DR. KUAN YONG KUAN Greetings and welcome to Abex Medical System Sdn. Bhd.\u2019s revamped website. Since the inception of our company in 1981, Abex has [&hellip;]<\/p>","protected":false},"author":1,"featured_media":0,"parent":419,"menu_order":0,"comment_status":"closed","ping_status":"closed","template":"elementor_header_footer","meta":{"footnotes":"","_links_to":"","_links_to_target":""},"class_list":["post-421","page","type-page","status-publish","hentry"],"acf":[],"_links":{"self":[{"href":"https:\/\/abexglobalhc.com\/vn\/vi\/wp-json\/wp\/v2\/pages\/421","targetHints":{"allow":["GET"]}}],"collection":[{"href":"https:\/\/abexglobalhc.com\/vn\/vi\/wp-json\/wp\/v2\/pages"}],"about":[{"href":"https:\/\/abexglobalhc.com\/vn\/vi\/wp-json\/wp\/v2\/types\/page"}],"author":[{"embeddable":true,"href":"https:\/\/abexglobalhc.com\/vn\/vi\/wp-json\/wp\/v2\/users\/1"}],"replies":[{"embeddable":true,"href":"https:\/\/abexglobalhc.com\/vn\/vi\/wp-json\/wp\/v2\/comments?post=421"}],"version-history":[{"count":10,"href":"https:\/\/abexglobalhc.com\/vn\/vi\/wp-json\/wp\/v2\/pages\/421\/revisions"}],"predecessor-version":[{"id":58858,"href":"https:\/\/abexglobalhc.com\/vn\/vi\/wp-json\/wp\/v2\/pages\/421\/revisions\/58858"}],"up":[{"embeddable":true,"href":"https:\/\/abexglobalhc.com\/vn\/vi\/wp-json\/wp\/v2\/pages\/419"}],"wp:attachment":[{"href":"https:\/\/abexglobalhc.com\/vn\/vi\/wp-json\/wp\/v2\/media?parent=421"}],"curies":[{"name":"wp","href":"https:\/\/api.w.org\/{rel}","templated":true}]}}