{"id":423,"date":"2022-08-22T03:53:51","date_gmt":"2022-08-22T03:53:51","guid":{"rendered":"https:\/\/abexglobalhc.com\/vn\/?page_id=423"},"modified":"2024-01-05T01:21:17","modified_gmt":"2024-01-05T01:21:17","slug":"company-profile","status":"publish","type":"page","link":"https:\/\/abexglobalhc.com\/vn\/vi\/about-us\/company-profile\/","title":{"rendered":"H\u1ed3 s\u01a1 C\u00f4ng ty"},"content":{"rendered":"<div data-elementor-type=\"wp-page\" data-elementor-id=\"423\" class=\"elementor elementor-423\">\n\t\t\t\t\t\t<section class=\"elementor-section elementor-top-section elementor-element elementor-element-59b3a6ee elementor-section-boxed elementor-section-height-default elementor-section-height-default\" data-id=\"59b3a6ee\" data-element_type=\"section\" data-settings=\"{&quot;background_background&quot;:&quot;classic&quot;}\">\n\t\t\t\t\t\t\t<div class=\"elementor-background-overlay\"><\/div>\n\t\t\t\t\t\t\t<div class=\"elementor-container elementor-column-gap-default\">\n\t\t\t\t\t<div class=\"elementor-column elementor-col-100 elementor-top-column elementor-element elementor-element-7cd5d962\" data-id=\"7cd5d962\" data-element_type=\"column\">\n\t\t\t<div class=\"elementor-widget-wrap elementor-element-populated\">\n\t\t\t\t\t\t<div class=\"elementor-element elementor-element-383a3ebc elementor-invisible elementor-widget elementor-widget-heading\" data-id=\"383a3ebc\" data-element_type=\"widget\" data-settings=\"{&quot;_animation&quot;:&quot;fadeInDown&quot;}\" data-widget_type=\"heading.default\">\n\t\t\t\t<div class=\"elementor-widget-container\">\n\t\t\t<style>\/*! elementor - v3.21.0 - 08-05-2024 *\/\n.elementor-heading-title{padding:0;margin:0;line-height:1}.elementor-widget-heading .elementor-heading-title[class*=elementor-size-]>a{color:inherit;font-size:inherit;line-height:inherit}.elementor-widget-heading .elementor-heading-title.elementor-size-small{font-size:15px}.elementor-widget-heading .elementor-heading-title.elementor-size-medium{font-size:19px}.elementor-widget-heading .elementor-heading-title.elementor-size-large{font-size:29px}.elementor-widget-heading .elementor-heading-title.elementor-size-xl{font-size:39px}.elementor-widget-heading .elementor-heading-title.elementor-size-xxl{font-size:59px}<\/style><h1 class=\"elementor-heading-title elementor-size-default\">H\u1ed3 s\u01a1 C\u00f4ng ty<\/h1>\t\t<\/div>\n\t\t\t\t<\/div>\n\t\t\t\t\t<\/div>\n\t\t<\/div>\n\t\t\t\t\t<\/div>\n\t\t<\/section>\n\t\t\t\t<section class=\"elementor-section elementor-top-section elementor-element elementor-element-c1e89e2 elementor-section-boxed elementor-section-height-default elementor-section-height-default\" data-id=\"c1e89e2\" data-element_type=\"section\">\n\t\t\t\t\t\t<div class=\"elementor-container elementor-column-gap-wider\">\n\t\t\t\t\t<div class=\"elementor-column elementor-col-50 elementor-top-column elementor-element elementor-element-231fa6a9 elementor-invisible\" data-id=\"231fa6a9\" data-element_type=\"column\" data-settings=\"{&quot;animation&quot;:&quot;fadeInDown&quot;}\">\n\t\t\t<div class=\"elementor-widget-wrap elementor-element-populated\">\n\t\t\t\t\t\t<div class=\"elementor-element elementor-element-44fc101a elementor-widget elementor-widget-image\" data-id=\"44fc101a\" data-element_type=\"widget\" data-widget_type=\"image.default\">\n\t\t\t\t<div class=\"elementor-widget-container\">\n\t\t\t<style>\/*! elementor - v3.21.0 - 08-05-2024 *\/\n.elementor-widget-image{text-align:center}.elementor-widget-image a{display:inline-block}.elementor-widget-image a img[src$=\".svg\"]{width:48px}.elementor-widget-image img{vertical-align:middle;display:inline-block}<\/style>\t\t\t\t\t\t\t\t\t\t<img fetchpriority=\"high\" decoding=\"async\" width=\"824\" height=\"708\" src=\"https:\/\/abexglobalhc.com\/vn\/wp-content\/uploads\/2022\/09\/round_abex.png\" class=\"attachment-full size-full wp-image-532\" alt=\"\" srcset=\"https:\/\/abexglobalhc.com\/vn\/wp-content\/uploads\/2022\/09\/round_abex.png 824w, https:\/\/abexglobalhc.com\/vn\/wp-content\/uploads\/2022\/09\/round_abex-600x516.png 600w, https:\/\/abexglobalhc.com\/vn\/wp-content\/uploads\/2022\/09\/round_abex-300x258.png 300w, https:\/\/abexglobalhc.com\/vn\/wp-content\/uploads\/2022\/09\/round_abex-768x660.png 768w\" sizes=\"(max-width: 824px) 100vw, 824px\" \/>\t\t\t\t\t\t\t\t\t\t\t\t\t<\/div>\n\t\t\t\t<\/div>\n\t\t\t\t\t<\/div>\n\t\t<\/div>\n\t\t\t\t<div class=\"elementor-column elementor-col-50 elementor-top-column elementor-element elementor-element-3322810e elementor-invisible\" data-id=\"3322810e\" data-element_type=\"column\" data-settings=\"{&quot;animation&quot;:&quot;fadeInLeft&quot;}\">\n\t\t\t<div class=\"elementor-widget-wrap elementor-element-populated\">\n\t\t\t\t\t\t<div class=\"elementor-element elementor-element-15004424 ekit-equal-height-disable elementor-widget elementor-widget-elementskit-icon-box\" data-id=\"15004424\" data-element_type=\"widget\" data-widget_type=\"elementskit-icon-box.default\">\n\t\t\t\t<div class=\"elementor-widget-container\">\n\t\t\t<div class=\"ekit-wid-con\" >        <!-- link opening -->\n                <!-- end link opening -->\n\n        <div class=\"elementskit-infobox text-left text- icon-lef-right-aligin elementor-animation-\">\n                        <div class=\"box-body\">\n                        \t\t  <p><b>T\u1eadp \u0111o\u00e0n C\u00f4ng ngh\u1ec7 Y t\u1ebf To\u00e0n c\u1ea7u Abex <\/b>bao g\u1ed3m:\n<br>\n<ol>\n<li>Abex Global Healthcare (Malaysia) Sdn. Bhd. \n\n<li>C\u00f4ng ty TNHH Abex Global Healthcare (Th\u00e1i Lan)\n\n<li>C\u00f4ng ty TNHH Abex Global Healthcare (Singapore) Pte.\n\n<li>C\u00f4ng ty TNHH Ch\u0103m s\u00f3c s\u1ee9c kh\u1ecfe To\u00e0n c\u1ea7u Abex (H\u1ed3ng K\u00f4ng).\n\n<li>C\u00f4ng ty TNHH Th\u01b0\u01a1ng m\u1ea1i D\u1ecbch v\u1ee5 Deltech (Vi\u1ec7t Nam) \u2013 \u0110\u1ea1i di\u1ec7n Vi\u1ec7t Nam\n<\/li><\/li><\/li>\n<\/li><\/li><\/li>\n<\/ol>\n<br>\nCh\u00fang t\u00f4i c\u00f3 n\u0103ng l\u1ef1c v\u00e0 chuy\u00ean m\u00f4n trong c\u00e1c l\u0129nh v\u1ef1c kinh doanh c\u1ed1t l\u00f5i c\u1ee7a m\u00ecnh, \u0111\u00f3 l\u00e0 Ung th\u01b0, Th\u1ea7n kinh h\u1ecdc v\u00e0 Y h\u1ecdc h\u1ea1t nh\u00e2n, v\u1edbi ph\u1ea1m vi cung c\u1ea5p, l\u1eafp \u0111\u1eb7t, b\u1ea3o d\u01b0\u1ee1ng v\u00e0 d\u1ecbch v\u1ee5 cho c\u00e1c thi\u1ebft b\u1ecb y t\u1ebf v\u00e0 gi\u1ea3i ph\u00e1p ph\u1ea7n m\u1ec1m t\u1ea1i \u0110\u00f4ng Nam \u00c1 v\u00e0 Hong Kong.\n<br><br>\nCh\u00fang t\u00f4i ph\u1ea5n \u0111\u1ea5u tr\u1edf th\u00e0nh nh\u00e0 cung c\u1ea5p gi\u1ea3i ph\u00e1p v\u00e0 d\u1ecbch v\u1ee5 \u01b0u ti\u00ean trong l\u0129nh v\u1ef1c ch\u0103m s\u00f3c s\u1ee9c kh\u1ecfe b\u1eb1ng c\u00e1ch cung c\u1ea5p d\u1ecbch v\u1ee5 ch\u1ea5t l\u01b0\u1ee3ng cao t\u1eeb \u0111\u1ed9i ng\u0169 \u0111\u1ea7y tham v\u1ecdng v\u00e0 hi\u1ec3u bi\u1ebft c\u1ee7a ch\u00fang t\u00f4i, ph\u00e1t tri\u1ec3n \u0111\u1ed1i t\u00e1c th\u01b0\u01a1ng hi\u1ec7u v\u00e0 cung c\u1ea5p c\u00e1c gi\u1ea3i ph\u00e1p ph\u00f9 h\u1ee3p cho kh\u00e1ch h\u00e0ng c\u1ee7a ch\u00fang t\u00f4i.<\/p>\n                                <\/div>\n        \n        \n                <\/div>\n        <\/div>\t\t<\/div>\n\t\t\t\t<\/div>\n\t\t\t\t\t<\/div>\n\t\t<\/div>\n\t\t\t\t\t<\/div>\n\t\t<\/section>\n\t\t\t\t<\/div>","protected":false},"excerpt":{"rendered":"<p>Abex Global Healthcare Group of Companies consist of: Abex Global Healthcare (Malaysia) Sdn. Bhd. Abex Global Healthcare (Thailand) Co., Ltd. Abex Global Healthcare (Singapore) Pte. Ltd. Abex Global Healthcare (Hong [&hellip;]<\/p>","protected":false},"author":1,"featured_media":0,"parent":419,"menu_order":0,"comment_status":"closed","ping_status":"closed","template":"elementor_header_footer","meta":{"footnotes":"","_links_to":"","_links_to_target":""},"class_list":["post-423","page","type-page","status-publish","hentry"],"acf":[],"_links":{"self":[{"href":"https:\/\/abexglobalhc.com\/vn\/vi\/wp-json\/wp\/v2\/pages\/423","targetHints":{"allow":["GET"]}}],"collection":[{"href":"https:\/\/abexglobalhc.com\/vn\/vi\/wp-json\/wp\/v2\/pages"}],"about":[{"href":"https:\/\/abexglobalhc.com\/vn\/vi\/wp-json\/wp\/v2\/types\/page"}],"author":[{"embeddable":true,"href":"https:\/\/abexglobalhc.com\/vn\/vi\/wp-json\/wp\/v2\/users\/1"}],"replies":[{"embeddable":true,"href":"https:\/\/abexglobalhc.com\/vn\/vi\/wp-json\/wp\/v2\/comments?post=423"}],"version-history":[{"count":22,"href":"https:\/\/abexglobalhc.com\/vn\/vi\/wp-json\/wp\/v2\/pages\/423\/revisions"}],"predecessor-version":[{"id":58977,"href":"https:\/\/abexglobalhc.com\/vn\/vi\/wp-json\/wp\/v2\/pages\/423\/revisions\/58977"}],"up":[{"embeddable":true,"href":"https:\/\/abexglobalhc.com\/vn\/vi\/wp-json\/wp\/v2\/pages\/419"}],"wp:attachment":[{"href":"https:\/\/abexglobalhc.com\/vn\/vi\/wp-json\/wp\/v2\/media?parent=423"}],"curies":[{"name":"wp","href":"https:\/\/api.w.org\/{rel}","templated":true}]}}