{"id":425,"date":"2022-08-22T03:53:51","date_gmt":"2022-08-22T03:53:51","guid":{"rendered":"https:\/\/abexglobalhc.com\/vn\/?page_id=425"},"modified":"2023-06-01T10:26:54","modified_gmt":"2023-06-01T10:26:54","slug":"vision-mission","status":"publish","type":"page","link":"https:\/\/abexglobalhc.com\/vn\/vi\/about-us\/vision-mission\/","title":{"rendered":"T\u1ea7m nh\u00ecn &amp; S\u1ee9 m\u1ec7nh"},"content":{"rendered":"<div data-elementor-type=\"wp-page\" data-elementor-id=\"425\" class=\"elementor elementor-425\">\n\t\t\t\t\t\t<section class=\"elementor-section elementor-top-section elementor-element elementor-element-020c909 elementor-section-boxed elementor-section-height-default elementor-section-height-default\" data-id=\"020c909\" data-element_type=\"section\" data-settings=\"{&quot;background_background&quot;:&quot;classic&quot;}\">\n\t\t\t\t\t\t\t<div class=\"elementor-background-overlay\"><\/div>\n\t\t\t\t\t\t\t<div class=\"elementor-container elementor-column-gap-default\">\n\t\t\t\t\t<div class=\"elementor-column elementor-col-100 elementor-top-column elementor-element elementor-element-7ed0be60\" data-id=\"7ed0be60\" data-element_type=\"column\">\n\t\t\t<div class=\"elementor-widget-wrap elementor-element-populated\">\n\t\t\t\t\t\t<div class=\"elementor-element elementor-element-3ce4c6de elementor-invisible elementor-widget elementor-widget-heading\" data-id=\"3ce4c6de\" data-element_type=\"widget\" data-settings=\"{&quot;_animation&quot;:&quot;fadeInDown&quot;}\" data-widget_type=\"heading.default\">\n\t\t\t\t<div class=\"elementor-widget-container\">\n\t\t\t<style>\/*! elementor - v3.21.0 - 08-05-2024 *\/\n.elementor-heading-title{padding:0;margin:0;line-height:1}.elementor-widget-heading .elementor-heading-title[class*=elementor-size-]>a{color:inherit;font-size:inherit;line-height:inherit}.elementor-widget-heading .elementor-heading-title.elementor-size-small{font-size:15px}.elementor-widget-heading .elementor-heading-title.elementor-size-medium{font-size:19px}.elementor-widget-heading .elementor-heading-title.elementor-size-large{font-size:29px}.elementor-widget-heading .elementor-heading-title.elementor-size-xl{font-size:39px}.elementor-widget-heading .elementor-heading-title.elementor-size-xxl{font-size:59px}<\/style><h1 class=\"elementor-heading-title elementor-size-default\">T\u1ea7m nh\u00ecn &amp; S\u1ee9 m\u1ec7nh<\/h1>\t\t<\/div>\n\t\t\t\t<\/div>\n\t\t\t\t\t<\/div>\n\t\t<\/div>\n\t\t\t\t\t<\/div>\n\t\t<\/section>\n\t\t\t\t<section class=\"elementor-section elementor-top-section elementor-element elementor-element-09cf0aa elementor-section-boxed elementor-section-height-default elementor-section-height-default\" data-id=\"09cf0aa\" data-element_type=\"section\">\n\t\t\t\t\t\t<div class=\"elementor-container elementor-column-gap-default\">\n\t\t\t\t\t<div class=\"elementor-column elementor-col-100 elementor-top-column elementor-element elementor-element-5cfbec63\" data-id=\"5cfbec63\" data-element_type=\"column\">\n\t\t\t<div class=\"elementor-widget-wrap elementor-element-populated\">\n\t\t\t\t\t\t<section class=\"elementor-section elementor-inner-section elementor-element elementor-element-5b80f8e elementor-section-boxed elementor-section-height-default elementor-section-height-default\" data-id=\"5b80f8e\" data-element_type=\"section\">\n\t\t\t\t\t\t<div class=\"elementor-container elementor-column-gap-default\">\n\t\t\t\t\t<div class=\"elementor-column elementor-col-100 elementor-inner-column elementor-element elementor-element-42b67c2 elementor-invisible\" data-id=\"42b67c2\" data-element_type=\"column\" data-settings=\"{&quot;animation&quot;:&quot;fadeInRight&quot;}\">\n\t\t\t<div class=\"elementor-widget-wrap elementor-element-populated\">\n\t\t\t\t\t\t<div class=\"elementor-element elementor-element-759d85b9 elementor-widget elementor-widget-eael-feature-list\" data-id=\"759d85b9\" data-element_type=\"widget\" data-widget_type=\"eael-feature-list.default\">\n\t\t\t\t<div class=\"elementor-widget-container\">\n\t\t\t\t\t<div class=\"-icon-position-left -tablet-icon-position-left -mobile-icon-position-left\">\n\t\t\t<ul id=\"eael-feature-list-759d85b9\" class=\"eael-feature-list-items circle stacked\">\n\t\t\t                <li class=\"eael-feature-list-item elementor-repeater-item-e043698\">\n                    \n\t\t\t\t\t\t<div class=\"eael-feature-list-icon-box\">\n\t\t\t\t\t\t\t<div class=\"eael-feature-list-icon-inner\">\n\n\t\t\t\t\t\t\t\t<span class=\"eael-feature-list-icon fl-icon-0\">\n\n\t\t<i aria-hidden=\"true\" class=\"icon icon-light-bulb1\"><\/i>\t\t\t\t\t\t\t\t<\/span>\n\t\t\t\t\t\t\t<\/div>\n\t\t\t\t\t\t<\/div>\n\t\t\t\t\t\t<div class=\"eael-feature-list-content-box\">\n\t\t\t\t\t\t\t<h3 class=\"eael-feature-list-title\"\t\t\t\t\t\t\t>T\u1ea7m nh\u00ecn<\/h3\t\t\t\t\t\t>\n\t\t\t\t\t\t<p class=\"eael-feature-list-content\">Tr\u1edf th\u00e0nh m\u1ed9t c\u00f4ng ty khu v\u1ef1c uy t\u00edn v\u00e0 \u0111\u01b0\u1ee3c \u01b0a chu\u1ed9ng trong l\u0129nh v\u1ef1c Gi\u1ea3i ph\u00e1p v\u00e0 D\u1ecbch v\u1ee5 Ch\u0103m s\u00f3c S\u1ee9c kh\u1ecfe.<\/p>\n\t\t\t\t\t\t<\/div>\n\n\t\t\t\t\t<\/li>\n\t\t\t\t                <li class=\"eael-feature-list-item elementor-repeater-item-8b41cd8\">\n                    \n\t\t\t\t\t\t<div class=\"eael-feature-list-icon-box\">\n\t\t\t\t\t\t\t<div class=\"eael-feature-list-icon-inner\">\n\n\t\t\t\t\t\t\t\t<span class=\"eael-feature-list-icon fl-icon-1\">\n\n\t\t<i aria-hidden=\"true\" class=\"icon icon-cogwheel\"><\/i>\t\t\t\t\t\t\t\t<\/span>\n\t\t\t\t\t\t\t<\/div>\n\t\t\t\t\t\t<\/div>\n\t\t\t\t\t\t<div class=\"eael-feature-list-content-box\">\n\t\t\t\t\t\t\t<h3 class=\"eael-feature-list-title\"\t\t\t\t\t\t\t>Nhi\u1ec7m v\u1ee5<\/h3\t\t\t\t\t\t>\n\t\t\t\t\t\t<p class=\"eael-feature-list-content\">K\u1ebft h\u1ee3p nh\u00f3m c\u00e1c c\u00f4ng ty to\u00e0n c\u1ea7u c\u1ee7a ch\u00fang t\u00f4i \u0111\u1ec3 t\u1eadn d\u1ee5ng kinh nghi\u1ec7m v\u00e0 chuy\u00ean m\u00f4n, v\u00e0 t\u1ea1o ra c\u01a1 h\u1ed9i ph\u00e1t tri\u1ec3n s\u1ef1 nghi\u1ec7p v\u00e0 ti\u1ebfp x\u00fac to\u00e0n c\u1ea7u cho nh\u00e2n vi\u00ean t\u00e0i n\u0103ng v\u00e0 tham v\u1ecdng c\u1ee7a ch\u00fang t\u00f4i.<\/p>\n\t\t\t\t\t\t<\/div>\n\n\t\t\t\t\t<\/li>\n\t\t\t\t\t\t\t<\/ul>\n\t\t<\/div>\n\t\t\t\t<\/div>\n\t\t\t\t<\/div>\n\t\t\t\t\t<\/div>\n\t\t<\/div>\n\t\t\t\t\t<\/div>\n\t\t<\/section>\n\t\t\t\t\t<\/div>\n\t\t<\/div>\n\t\t\t\t\t<\/div>\n\t\t<\/section>\n\t\t\t\t<\/div>","protected":false},"excerpt":{"rendered":"<p>Vision To be an esteemed and preferred regional company for Healthcare Solutions and Service provider. Mission Integrating global group of our companies to synergy experiences and expertise and creating career [&hellip;]<\/p>","protected":false},"author":1,"featured_media":0,"parent":419,"menu_order":0,"comment_status":"closed","ping_status":"closed","template":"elementor_header_footer","meta":{"footnotes":"","_links_to":"","_links_to_target":""},"class_list":["post-425","page","type-page","status-publish","hentry"],"acf":[],"_links":{"self":[{"href":"https:\/\/abexglobalhc.com\/vn\/vi\/wp-json\/wp\/v2\/pages\/425","targetHints":{"allow":["GET"]}}],"collection":[{"href":"https:\/\/abexglobalhc.com\/vn\/vi\/wp-json\/wp\/v2\/pages"}],"about":[{"href":"https:\/\/abexglobalhc.com\/vn\/vi\/wp-json\/wp\/v2\/types\/page"}],"author":[{"embeddable":true,"href":"https:\/\/abexglobalhc.com\/vn\/vi\/wp-json\/wp\/v2\/users\/1"}],"replies":[{"embeddable":true,"href":"https:\/\/abexglobalhc.com\/vn\/vi\/wp-json\/wp\/v2\/comments?post=425"}],"version-history":[{"count":10,"href":"https:\/\/abexglobalhc.com\/vn\/vi\/wp-json\/wp\/v2\/pages\/425\/revisions"}],"predecessor-version":[{"id":58905,"href":"https:\/\/abexglobalhc.com\/vn\/vi\/wp-json\/wp\/v2\/pages\/425\/revisions\/58905"}],"up":[{"embeddable":true,"href":"https:\/\/abexglobalhc.com\/vn\/vi\/wp-json\/wp\/v2\/pages\/419"}],"wp:attachment":[{"href":"https:\/\/abexglobalhc.com\/vn\/vi\/wp-json\/wp\/v2\/media?parent=425"}],"curies":[{"name":"wp","href":"https:\/\/api.w.org\/{rel}","templated":true}]}}