{"id":439,"date":"2022-08-22T03:53:21","date_gmt":"2022-08-22T03:53:21","guid":{"rendered":"https:\/\/abexglobalhc.com\/vn\/?page_id=439"},"modified":"2022-10-14T06:54:41","modified_gmt":"2022-10-14T06:54:41","slug":"oncology","status":"publish","type":"page","link":"https:\/\/abexglobalhc.com\/vn\/vi\/products\/oncology\/","title":{"rendered":"Ung th\u01b0"},"content":{"rendered":"<div data-elementor-type=\"wp-page\" data-elementor-id=\"439\" class=\"elementor elementor-439\">\n\t\t\t\t\t\t<section class=\"elementor-section elementor-top-section elementor-element elementor-element-1652cee5 elementor-section-boxed elementor-section-height-default elementor-section-height-default\" data-id=\"1652cee5\" data-element_type=\"section\" data-settings=\"{&quot;background_background&quot;:&quot;classic&quot;}\">\n\t\t\t\t\t\t\t<div class=\"elementor-background-overlay\"><\/div>\n\t\t\t\t\t\t\t<div class=\"elementor-container elementor-column-gap-default\">\n\t\t\t\t\t<div class=\"elementor-column elementor-col-100 elementor-top-column elementor-element elementor-element-3ba732fd\" data-id=\"3ba732fd\" data-element_type=\"column\">\n\t\t\t<div class=\"elementor-widget-wrap elementor-element-populated\">\n\t\t\t\t\t\t<div class=\"elementor-element elementor-element-63999a58 elementor-invisible elementor-widget elementor-widget-heading\" data-id=\"63999a58\" data-element_type=\"widget\" data-settings=\"{&quot;_animation&quot;:&quot;fadeInDown&quot;}\" data-widget_type=\"heading.default\">\n\t\t\t\t<div class=\"elementor-widget-container\">\n\t\t\t<style>\/*! elementor - v3.21.0 - 08-05-2024 *\/\n.elementor-heading-title{padding:0;margin:0;line-height:1}.elementor-widget-heading .elementor-heading-title[class*=elementor-size-]>a{color:inherit;font-size:inherit;line-height:inherit}.elementor-widget-heading .elementor-heading-title.elementor-size-small{font-size:15px}.elementor-widget-heading .elementor-heading-title.elementor-size-medium{font-size:19px}.elementor-widget-heading .elementor-heading-title.elementor-size-large{font-size:29px}.elementor-widget-heading .elementor-heading-title.elementor-size-xl{font-size:39px}.elementor-widget-heading .elementor-heading-title.elementor-size-xxl{font-size:59px}<\/style><h1 class=\"elementor-heading-title elementor-size-default\">Ung th\u01b0<\/h1>\t\t<\/div>\n\t\t\t\t<\/div>\n\t\t\t\t\t<\/div>\n\t\t<\/div>\n\t\t\t\t\t<\/div>\n\t\t<\/section>\n\t\t\t\t<section class=\"elementor-section elementor-top-section elementor-element elementor-element-246d5b6 elementor-section-boxed elementor-section-height-default elementor-section-height-default\" data-id=\"246d5b6\" data-element_type=\"section\">\n\t\t\t\t\t\t<div class=\"elementor-container elementor-column-gap-default\">\n\t\t\t\t\t<div class=\"elementor-column elementor-col-100 elementor-top-column elementor-element elementor-element-c2ec848\" data-id=\"c2ec848\" data-element_type=\"column\">\n\t\t\t<div class=\"elementor-widget-wrap elementor-element-populated\">\n\t\t\t\t\t\t<div class=\"elementor-element elementor-element-7761d elementor-widget elementor-widget-heading\" data-id=\"7761d\" data-element_type=\"widget\" data-widget_type=\"heading.default\">\n\t\t\t\t<div class=\"elementor-widget-container\">\n\t\t\t<h2 class=\"elementor-heading-title elementor-size-default\">\u0110\u1ed1i t\u00e1c kinh doanh<\/h2>\t\t<\/div>\n\t\t\t\t<\/div>\n\t\t\t\t<section class=\"elementor-section elementor-inner-section elementor-element elementor-element-bbfd55e elementor-section-boxed elementor-section-height-default elementor-section-height-default\" data-id=\"bbfd55e\" data-element_type=\"section\">\n\t\t\t\t\t\t<div class=\"elementor-container elementor-column-gap-default\">\n\t\t\t\t\t<div class=\"elementor-column elementor-col-33 elementor-inner-column elementor-element elementor-element-0f8d3a7\" data-id=\"0f8d3a7\" data-element_type=\"column\">\n\t\t\t<div class=\"elementor-widget-wrap elementor-element-populated\">\n\t\t\t\t\t\t<div class=\"elementor-element elementor-element-c5eb21b elementor-position-top elementor-widget elementor-widget-image-box\" data-id=\"c5eb21b\" data-element_type=\"widget\" data-widget_type=\"image-box.default\">\n\t\t\t\t<div class=\"elementor-widget-container\">\n\t\t\t<style>\/*! elementor - v3.21.0 - 08-05-2024 *\/\n.elementor-widget-image-box .elementor-image-box-content{width:100%}@media (min-width:768px){.elementor-widget-image-box.elementor-position-left .elementor-image-box-wrapper,.elementor-widget-image-box.elementor-position-right .elementor-image-box-wrapper{display:flex}.elementor-widget-image-box.elementor-position-right .elementor-image-box-wrapper{text-align:end;flex-direction:row-reverse}.elementor-widget-image-box.elementor-position-left .elementor-image-box-wrapper{text-align:start;flex-direction:row}.elementor-widget-image-box.elementor-position-top .elementor-image-box-img{margin:auto}.elementor-widget-image-box.elementor-vertical-align-top .elementor-image-box-wrapper{align-items:flex-start}.elementor-widget-image-box.elementor-vertical-align-middle .elementor-image-box-wrapper{align-items:center}.elementor-widget-image-box.elementor-vertical-align-bottom .elementor-image-box-wrapper{align-items:flex-end}}@media (max-width:767px){.elementor-widget-image-box .elementor-image-box-img{margin-left:auto!important;margin-right:auto!important;margin-bottom:15px}}.elementor-widget-image-box .elementor-image-box-img{display:inline-block}.elementor-widget-image-box .elementor-image-box-title a{color:inherit}.elementor-widget-image-box .elementor-image-box-wrapper{text-align:center}.elementor-widget-image-box .elementor-image-box-description{margin:0}<\/style><div class=\"elementor-image-box-wrapper\"><figure class=\"elementor-image-box-img\"><img fetchpriority=\"high\" decoding=\"async\" width=\"750\" height=\"417\" src=\"https:\/\/abexglobalhc.com\/vn\/wp-content\/uploads\/2022\/10\/Logos_Chemotech-1.jpg\" class=\"attachment-full size-full wp-image-989\" alt=\"\" srcset=\"https:\/\/abexglobalhc.com\/vn\/wp-content\/uploads\/2022\/10\/Logos_Chemotech-1.jpg 750w, https:\/\/abexglobalhc.com\/vn\/wp-content\/uploads\/2022\/10\/Logos_Chemotech-1-600x334.jpg 600w, https:\/\/abexglobalhc.com\/vn\/wp-content\/uploads\/2022\/10\/Logos_Chemotech-1-300x167.jpg 300w\" sizes=\"(max-width: 750px) 100vw, 750px\" \/><\/figure><div class=\"elementor-image-box-content\"><p class=\"elementor-image-box-description\">T\u1eadp trung v\u00e0o ph\u00e1t tri\u1ec3n c\u00e1c ph\u01b0\u01a1ng ph\u00e1p \u0111i\u1ec1u tr\u1ecb ung th\u01b0 v\u00e0 s\u1ea3n xu\u1ea5t thi\u1ebft b\u1ecb y t\u1ebf chuy\u00ean bi\u1ec7t - Thi\u1ebft b\u1ecb \u0110i\u1ec7n h\u00f3a tr\u1ecb li\u1ec7u.\n<\/p><\/div><\/div>\t\t<\/div>\n\t\t\t\t<\/div>\n\t\t\t\t\t<\/div>\n\t\t<\/div>\n\t\t\t\t<div class=\"elementor-column elementor-col-33 elementor-inner-column elementor-element elementor-element-15e0c9e\" data-id=\"15e0c9e\" data-element_type=\"column\">\n\t\t\t<div class=\"elementor-widget-wrap elementor-element-populated\">\n\t\t\t\t\t\t<div class=\"elementor-element elementor-element-a36e14d elementor-position-top elementor-widget elementor-widget-image-box\" data-id=\"a36e14d\" data-element_type=\"widget\" data-widget_type=\"image-box.default\">\n\t\t\t\t<div class=\"elementor-widget-container\">\n\t\t\t<div class=\"elementor-image-box-wrapper\"><figure class=\"elementor-image-box-img\"><img decoding=\"async\" width=\"750\" height=\"417\" src=\"https:\/\/abexglobalhc.com\/vn\/wp-content\/uploads\/2022\/10\/Logos_C-RAD.jpg\" class=\"attachment-full size-full wp-image-990\" alt=\"\" srcset=\"https:\/\/abexglobalhc.com\/vn\/wp-content\/uploads\/2022\/10\/Logos_C-RAD.jpg 750w, https:\/\/abexglobalhc.com\/vn\/wp-content\/uploads\/2022\/10\/Logos_C-RAD-600x334.jpg 600w, https:\/\/abexglobalhc.com\/vn\/wp-content\/uploads\/2022\/10\/Logos_C-RAD-300x167.jpg 300w\" sizes=\"(max-width: 750px) 100vw, 750px\" \/><\/figure><div class=\"elementor-image-box-content\"><p class=\"elementor-image-box-description\">H\u1ec7 th\u1ed1ng H\u01b0\u1edbng d\u1eabn H\u00ecnh \u1ea3nh B\u1ec1 m\u1eb7t trong Ph\u00f2ng X\u1ea1 Tr\u1ecb li\u1ec7u v\u00e0 H\u1ec7 th\u1ed1ng \u0110\u1ecbnh v\u1ecb B\u1eb1ng Laser (Cyrpa).\n<\/p><\/div><\/div>\t\t<\/div>\n\t\t\t\t<\/div>\n\t\t\t\t\t<\/div>\n\t\t<\/div>\n\t\t\t\t<div class=\"elementor-column elementor-col-33 elementor-inner-column elementor-element elementor-element-82872f9\" data-id=\"82872f9\" data-element_type=\"column\">\n\t\t\t<div class=\"elementor-widget-wrap elementor-element-populated\">\n\t\t\t\t\t\t<div class=\"elementor-element elementor-element-f889a0a elementor-position-top elementor-widget elementor-widget-image-box\" data-id=\"f889a0a\" data-element_type=\"widget\" data-widget_type=\"image-box.default\">\n\t\t\t\t<div class=\"elementor-widget-container\">\n\t\t\t<div class=\"elementor-image-box-wrapper\"><figure class=\"elementor-image-box-img\"><img decoding=\"async\" width=\"750\" height=\"417\" src=\"https:\/\/abexglobalhc.com\/vn\/wp-content\/uploads\/2022\/10\/Logos_Klarity.jpg\" class=\"attachment-full size-full wp-image-991\" alt=\"\" srcset=\"https:\/\/abexglobalhc.com\/vn\/wp-content\/uploads\/2022\/10\/Logos_Klarity.jpg 750w, https:\/\/abexglobalhc.com\/vn\/wp-content\/uploads\/2022\/10\/Logos_Klarity-600x334.jpg 600w, https:\/\/abexglobalhc.com\/vn\/wp-content\/uploads\/2022\/10\/Logos_Klarity-300x167.jpg 300w\" sizes=\"(max-width: 750px) 100vw, 750px\" \/><\/figure><div class=\"elementor-image-box-content\"><p class=\"elementor-image-box-description\">T\u1eadp trung v\u00e0o ph\u00e1t tri\u1ec3n c\u00e1c ph\u01b0\u01a1ng ph\u00e1p \u0111i\u1ec1u tr\u1ecb ung th\u01b0 v\u00e0 s\u1ea3n xu\u1ea5t thi\u1ebft b\u1ecb y t\u1ebf chuy\u00ean bi\u1ec7t - Thi\u1ebft b\u1ecb \u0110i\u1ec7n h\u00f3a tr\u1ecb li\u1ec7u.\n<\/p><\/div><\/div>\t\t<\/div>\n\t\t\t\t<\/div>\n\t\t\t\t\t<\/div>\n\t\t<\/div>\n\t\t\t\t\t<\/div>\n\t\t<\/section>\n\t\t\t\t<section class=\"elementor-section elementor-inner-section elementor-element elementor-element-0787805 elementor-section-boxed elementor-section-height-default elementor-section-height-default\" data-id=\"0787805\" data-element_type=\"section\">\n\t\t\t\t\t\t<div class=\"elementor-container elementor-column-gap-default\">\n\t\t\t\t\t<div class=\"elementor-column elementor-col-25 elementor-inner-column elementor-element elementor-element-863aeb0\" data-id=\"863aeb0\" data-element_type=\"column\">\n\t\t\t<div class=\"elementor-widget-wrap elementor-element-populated\">\n\t\t\t\t\t\t<div class=\"elementor-element elementor-element-edf42ab elementor-position-top elementor-widget elementor-widget-image-box\" data-id=\"edf42ab\" data-element_type=\"widget\" data-widget_type=\"image-box.default\">\n\t\t\t\t<div class=\"elementor-widget-container\">\n\t\t\t<div class=\"elementor-image-box-wrapper\"><figure class=\"elementor-image-box-img\"><img loading=\"lazy\" decoding=\"async\" width=\"750\" height=\"417\" src=\"https:\/\/abexglobalhc.com\/vn\/wp-content\/uploads\/2022\/10\/Logos_Elekta.jpg\" class=\"attachment-full size-full wp-image-993\" alt=\"\" srcset=\"https:\/\/abexglobalhc.com\/vn\/wp-content\/uploads\/2022\/10\/Logos_Elekta.jpg 750w, https:\/\/abexglobalhc.com\/vn\/wp-content\/uploads\/2022\/10\/Logos_Elekta-600x334.jpg 600w, https:\/\/abexglobalhc.com\/vn\/wp-content\/uploads\/2022\/10\/Logos_Elekta-300x167.jpg 300w\" sizes=\"(max-width: 750px) 100vw, 750px\" \/><\/figure><div class=\"elementor-image-box-content\"><p class=\"elementor-image-box-description\">Nh\u00e0 cung c\u1ea5p h\u00e0ng \u0111\u1ea7u th\u1ebf gi\u1edbi v\u1ec1 c\u00e1c gi\u1ea3i ph\u00e1p qu\u1ea3n l\u00fd ung th\u01b0, bao g\u1ed3m \u0111i\u1ec1u tr\u1ecb ph\u00f3ng x\u1ea1 h\u01b0\u1edbng d\u1eabn h\u00ecnh \u1ea3nh, ph\u00f3ng x\u1ea1 ph\u1eabu thu\u1eadt v\u00e0 ph\u1eabu thu\u1eadt b\u1eb1ng ph\u00f3ng x\u1ea1 \u0111a chi\u1ec1u v\u00e0 c\u00e1c h\u1ec7 th\u1ed1ng ph\u1ea7n m\u1ec1m ti\u00ean ti\u1ebfn.<\/p><\/div><\/div>\t\t<\/div>\n\t\t\t\t<\/div>\n\t\t\t\t\t<\/div>\n\t\t<\/div>\n\t\t\t\t<div class=\"elementor-column elementor-col-25 elementor-inner-column elementor-element elementor-element-57309d6\" data-id=\"57309d6\" data-element_type=\"column\">\n\t\t\t<div class=\"elementor-widget-wrap elementor-element-populated\">\n\t\t\t\t\t\t<div class=\"elementor-element elementor-element-61c7e78 elementor-position-top elementor-widget elementor-widget-image-box\" data-id=\"61c7e78\" data-element_type=\"widget\" data-widget_type=\"image-box.default\">\n\t\t\t\t<div class=\"elementor-widget-container\">\n\t\t\t<div class=\"elementor-image-box-wrapper\"><figure class=\"elementor-image-box-img\"><img loading=\"lazy\" decoding=\"async\" width=\"750\" height=\"417\" src=\"https:\/\/abexglobalhc.com\/vn\/wp-content\/uploads\/2022\/10\/Logos_ALBA.jpg\" class=\"attachment-full size-full wp-image-992\" alt=\"\" srcset=\"https:\/\/abexglobalhc.com\/vn\/wp-content\/uploads\/2022\/10\/Logos_ALBA.jpg 750w, https:\/\/abexglobalhc.com\/vn\/wp-content\/uploads\/2022\/10\/Logos_ALBA-600x334.jpg 600w, https:\/\/abexglobalhc.com\/vn\/wp-content\/uploads\/2022\/10\/Logos_ALBA-300x167.jpg 300w\" sizes=\"(max-width: 750px) 100vw, 750px\" \/><\/figure><div class=\"elementor-image-box-content\"><p class=\"elementor-image-box-description\">H\u1ec7 th\u1ed1ng Si\u00eau nhi\u1ec7t t\u1eeb X\u1ea1 Ph\u00e1t v\u00e0 Micro s\u00f3ng cho \u1ee8ng d\u1ee5ng Ung th\u01b0\n<\/p><\/div><\/div>\t\t<\/div>\n\t\t\t\t<\/div>\n\t\t\t\t\t<\/div>\n\t\t<\/div>\n\t\t\t\t<div class=\"elementor-column elementor-col-25 elementor-inner-column elementor-element elementor-element-4912cb2\" data-id=\"4912cb2\" data-element_type=\"column\">\n\t\t\t<div class=\"elementor-widget-wrap elementor-element-populated\">\n\t\t\t\t\t\t<div class=\"elementor-element elementor-element-171bc07 elementor-position-top elementor-widget elementor-widget-image-box\" data-id=\"171bc07\" data-element_type=\"widget\" data-widget_type=\"image-box.default\">\n\t\t\t\t<div class=\"elementor-widget-container\">\n\t\t\t<div class=\"elementor-image-box-wrapper\"><figure class=\"elementor-image-box-img\"><img loading=\"lazy\" decoding=\"async\" width=\"750\" height=\"417\" src=\"https:\/\/abexglobalhc.com\/vn\/wp-content\/uploads\/2022\/10\/Logos_RTsafe.jpg\" class=\"attachment-full size-full wp-image-997\" alt=\"\" srcset=\"https:\/\/abexglobalhc.com\/vn\/wp-content\/uploads\/2022\/10\/Logos_RTsafe.jpg 750w, https:\/\/abexglobalhc.com\/vn\/wp-content\/uploads\/2022\/10\/Logos_RTsafe-600x334.jpg 600w, https:\/\/abexglobalhc.com\/vn\/wp-content\/uploads\/2022\/10\/Logos_RTsafe-300x167.jpg 300w\" sizes=\"(max-width: 750px) 100vw, 750px\" \/><\/figure><div class=\"elementor-image-box-content\"><p class=\"elementor-image-box-description\">Gi\u1ea3i ph\u00e1p QA to\u00e0n di\u1ec7n \u0111\u01b0\u1ee3c c\u00e1 nh\u00e2n h\u00f3a cho X\u1ea1 ph\u1eabu \u0111\u1ecbnh v\u1ecb (SRS) &amp; X\u1ea1 tr\u1ecb l\u1eadp th\u1ec3 (SRT).\n<\/p><\/div><\/div>\t\t<\/div>\n\t\t\t\t<\/div>\n\t\t\t\t\t<\/div>\n\t\t<\/div>\n\t\t\t\t<div class=\"elementor-column elementor-col-25 elementor-inner-column elementor-element elementor-element-57ad865\" data-id=\"57ad865\" data-element_type=\"column\">\n\t\t\t<div class=\"elementor-widget-wrap elementor-element-populated\">\n\t\t\t\t\t\t<div class=\"elementor-element elementor-element-3d473b8 elementor-position-top elementor-widget elementor-widget-image-box\" data-id=\"3d473b8\" data-element_type=\"widget\" data-widget_type=\"image-box.default\">\n\t\t\t\t<div class=\"elementor-widget-container\">\n\t\t\t<div class=\"elementor-image-box-wrapper\"><figure class=\"elementor-image-box-img\"><img loading=\"lazy\" decoding=\"async\" width=\"750\" height=\"417\" src=\"https:\/\/abexglobalhc.com\/vn\/wp-content\/uploads\/2022\/10\/Logos_Sumitomo.jpg\" class=\"attachment-full size-full wp-image-998\" alt=\"\" srcset=\"https:\/\/abexglobalhc.com\/vn\/wp-content\/uploads\/2022\/10\/Logos_Sumitomo.jpg 750w, https:\/\/abexglobalhc.com\/vn\/wp-content\/uploads\/2022\/10\/Logos_Sumitomo-600x334.jpg 600w, https:\/\/abexglobalhc.com\/vn\/wp-content\/uploads\/2022\/10\/Logos_Sumitomo-300x167.jpg 300w\" sizes=\"(max-width: 750px) 100vw, 750px\" \/><\/figure><div class=\"elementor-image-box-content\"><p class=\"elementor-image-box-description\">Chuy\u00ean s\u00e2u trong vi\u1ec7c ph\u00e1t tri\u1ec3n c\u00e1c ph\u01b0\u01a1ng ph\u00e1p \u0111i\u1ec1u tr\u1ecb ung th\u01b0 ti\u00ean ti\u1ebfn b\u1eb1ng vi\u1ec7c s\u1eed d\u1ee5ng c\u00e1c h\u1ec7 th\u1ed1ng \u0111i\u1ec1u tr\u1ecb tia proton.\n<\/p><\/div><\/div>\t\t<\/div>\n\t\t\t\t<\/div>\n\t\t\t\t\t<\/div>\n\t\t<\/div>\n\t\t\t\t\t<\/div>\n\t\t<\/section>\n\t\t\t\t\t<\/div>\n\t\t<\/div>\n\t\t\t\t\t<\/div>\n\t\t<\/section>\n\t\t\t\t<\/div>","protected":false},"excerpt":{"rendered":"<p>Business Partners Focusing on the development of cancer treatments and manufactures specialized medical equipment- Electrochemotherapy device. Surface Image Guided Radiotherapy Systems Laser Positioning Systems (Cyrpa). Focusing on the development of [&hellip;]<\/p>","protected":false},"author":1,"featured_media":0,"parent":437,"menu_order":0,"comment_status":"closed","ping_status":"closed","template":"elementor_header_footer","meta":{"footnotes":"","_links_to":"","_links_to_target":""},"class_list":["post-439","page","type-page","status-publish","hentry"],"acf":[],"_links":{"self":[{"href":"https:\/\/abexglobalhc.com\/vn\/vi\/wp-json\/wp\/v2\/pages\/439","targetHints":{"allow":["GET"]}}],"collection":[{"href":"https:\/\/abexglobalhc.com\/vn\/vi\/wp-json\/wp\/v2\/pages"}],"about":[{"href":"https:\/\/abexglobalhc.com\/vn\/vi\/wp-json\/wp\/v2\/types\/page"}],"author":[{"embeddable":true,"href":"https:\/\/abexglobalhc.com\/vn\/vi\/wp-json\/wp\/v2\/users\/1"}],"replies":[{"embeddable":true,"href":"https:\/\/abexglobalhc.com\/vn\/vi\/wp-json\/wp\/v2\/comments?post=439"}],"version-history":[{"count":16,"href":"https:\/\/abexglobalhc.com\/vn\/vi\/wp-json\/wp\/v2\/pages\/439\/revisions"}],"predecessor-version":[{"id":1011,"href":"https:\/\/abexglobalhc.com\/vn\/vi\/wp-json\/wp\/v2\/pages\/439\/revisions\/1011"}],"up":[{"embeddable":true,"href":"https:\/\/abexglobalhc.com\/vn\/vi\/wp-json\/wp\/v2\/pages\/437"}],"wp:attachment":[{"href":"https:\/\/abexglobalhc.com\/vn\/vi\/wp-json\/wp\/v2\/media?parent=439"}],"curies":[{"name":"wp","href":"https:\/\/api.w.org\/{rel}","templated":true}]}}