{"id":451,"date":"2022-08-22T03:53:21","date_gmt":"2022-08-22T03:53:21","guid":{"rendered":"https:\/\/abexglobalhc.com\/vn\/?page_id=451"},"modified":"2022-10-14T08:00:57","modified_gmt":"2022-10-14T08:00:57","slug":"service","status":"publish","type":"page","link":"https:\/\/abexglobalhc.com\/vn\/vi\/service\/","title":{"rendered":"D\u1ecbch v\u1ee5"},"content":{"rendered":"<div data-elementor-type=\"wp-page\" data-elementor-id=\"451\" class=\"elementor elementor-451\">\n\t\t\t\t\t\t<section class=\"elementor-section elementor-top-section elementor-element elementor-element-eff1a69 elementor-section-boxed elementor-section-height-default elementor-section-height-default\" data-id=\"eff1a69\" data-element_type=\"section\" data-settings=\"{&quot;background_background&quot;:&quot;classic&quot;}\">\n\t\t\t\t\t\t\t<div class=\"elementor-background-overlay\"><\/div>\n\t\t\t\t\t\t\t<div class=\"elementor-container elementor-column-gap-default\">\n\t\t\t\t\t<div class=\"elementor-column elementor-col-100 elementor-top-column elementor-element elementor-element-ee347a1\" data-id=\"ee347a1\" data-element_type=\"column\">\n\t\t\t<div class=\"elementor-widget-wrap elementor-element-populated\">\n\t\t\t\t\t\t<div class=\"elementor-element elementor-element-5cc0c55c elementor-invisible elementor-widget elementor-widget-heading\" data-id=\"5cc0c55c\" data-element_type=\"widget\" data-settings=\"{&quot;_animation&quot;:&quot;fadeInDown&quot;}\" data-widget_type=\"heading.default\">\n\t\t\t\t<div class=\"elementor-widget-container\">\n\t\t\t<style>\/*! elementor - v3.21.0 - 08-05-2024 *\/\n.elementor-heading-title{padding:0;margin:0;line-height:1}.elementor-widget-heading .elementor-heading-title[class*=elementor-size-]>a{color:inherit;font-size:inherit;line-height:inherit}.elementor-widget-heading .elementor-heading-title.elementor-size-small{font-size:15px}.elementor-widget-heading .elementor-heading-title.elementor-size-medium{font-size:19px}.elementor-widget-heading .elementor-heading-title.elementor-size-large{font-size:29px}.elementor-widget-heading .elementor-heading-title.elementor-size-xl{font-size:39px}.elementor-widget-heading .elementor-heading-title.elementor-size-xxl{font-size:59px}<\/style><h1 class=\"elementor-heading-title elementor-size-default\">D\u1ecbch v\u1ee5<\/h1>\t\t<\/div>\n\t\t\t\t<\/div>\n\t\t\t\t\t<\/div>\n\t\t<\/div>\n\t\t\t\t\t<\/div>\n\t\t<\/section>\n\t\t\t\t<section class=\"elementor-section elementor-top-section elementor-element elementor-element-2b66980f elementor-section-boxed elementor-section-height-default elementor-section-height-default\" data-id=\"2b66980f\" data-element_type=\"section\">\n\t\t\t\t\t\t<div class=\"elementor-container elementor-column-gap-default\">\n\t\t\t\t\t<div class=\"elementor-column elementor-col-100 elementor-top-column elementor-element elementor-element-155772d0\" data-id=\"155772d0\" data-element_type=\"column\">\n\t\t\t<div class=\"elementor-widget-wrap elementor-element-populated\">\n\t\t\t\t\t\t<section class=\"elementor-section elementor-inner-section elementor-element elementor-element-6c3505b4 elementor-section-boxed elementor-section-height-default elementor-section-height-default\" data-id=\"6c3505b4\" data-element_type=\"section\">\n\t\t\t\t\t\t<div class=\"elementor-container elementor-column-gap-default\">\n\t\t\t\t\t<div class=\"elementor-column elementor-col-100 elementor-inner-column elementor-element elementor-element-53493ec2 elementor-invisible\" data-id=\"53493ec2\" data-element_type=\"column\" data-settings=\"{&quot;animation&quot;:&quot;fadeInRight&quot;}\">\n\t\t\t<div class=\"elementor-widget-wrap elementor-element-populated\">\n\t\t\t\t\t\t<div class=\"elementor-element elementor-element-68e802a4 elementor-widget elementor-widget-eael-feature-list\" data-id=\"68e802a4\" data-element_type=\"widget\" data-widget_type=\"eael-feature-list.default\">\n\t\t\t\t<div class=\"elementor-widget-container\">\n\t\t\t\t\t<div class=\"-icon-position-left -tablet-icon-position-left -mobile-icon-position-left\">\n\t\t\t<ul id=\"eael-feature-list-68e802a4\" class=\"eael-feature-list-items circle stacked\">\n\t\t\t                <li class=\"eael-feature-list-item elementor-repeater-item-e043698\">\n                    \n\t\t\t\t\t\t<div class=\"eael-feature-list-icon-box\">\n\t\t\t\t\t\t\t<div class=\"eael-feature-list-icon-inner\">\n\n\t\t\t\t\t\t\t\t<span class=\"eael-feature-list-icon fl-icon-0\">\n\n\t\t<i aria-hidden=\"true\" class=\"icon icon-like1\"><\/i>\t\t\t\t\t\t\t\t<\/span>\n\t\t\t\t\t\t\t<\/div>\n\t\t\t\t\t\t<\/div>\n\t\t\t\t\t\t<div class=\"eael-feature-list-content-box\">\n\t\t\t\t\t\t\t<h3 class=\"eael-feature-list-title\"\t\t\t\t\t\t\t>S\u1ef1 h\u00e0i l\u00f2ng c\u1ee7a kh\u00e1ch h\u00e0ng l\u00e0 \u01b0u ti\u00ean h\u00e0ng \u0111\u1ea7u c\u1ee7a ch\u00fang t\u00f4i!<\/h3\t\t\t\t\t\t>\n\t\t\t\t\t\t<p class=\"eael-feature-list-content\">Abex lu\u00f4n t\u1ef1 h\u00e0o v\u1ec1 d\u1ecbch v\u1ee5 h\u1ed7 tr\u1ee3 kh\u00e1ch h\u00e0ng xu\u1ea5t s\u1eafc c\u1ee7a ch\u00fang t\u00f4i v\u00e0 cam k\u1ebft chuy\u00ean nghi\u1ec7p \u0111\u1ec3 \u0111\u1ea3m b\u1ea3o s\u1ef1 h\u00e0i l\u00f2ng c\u1ee7a kh\u00e1ch h\u00e0ng. Ch\u00fang t\u00f4i r\u1ea5t vui m\u1eebng khi tr\u1edf th\u00e0nh \u0111\u1ed1i t\u00e1c c\u1ee7a b\u1ea1n trong vi\u1ec7c ch\u0103m s\u00f3c h\u1ec7 th\u1ed1ng y t\u1ebf c\u1ee7a b\u1ea1n v\u00e0 \u0111\u1ea3m b\u1ea3o ch\u00fang ho\u1ea1t \u0111\u1ed9ng \u1edf hi\u1ec7u su\u1ea5t t\u1ed1i \u0111a trong m\u1ecdi th\u1eddi \u0111i\u1ec3m!\n<\/p>\n\t\t\t\t\t\t<\/div>\n\n\t\t\t\t\t<\/li>\n\t\t\t\t                <li class=\"eael-feature-list-item elementor-repeater-item-8b41cd8\">\n                    \n\t\t\t\t\t\t<div class=\"eael-feature-list-icon-box\">\n\t\t\t\t\t\t\t<div class=\"eael-feature-list-icon-inner\">\n\n\t\t\t\t\t\t\t\t<span class=\"eael-feature-list-icon fl-icon-1\">\n\n\t\t<i aria-hidden=\"true\" class=\"icon icon-decision-making\"><\/i>\t\t\t\t\t\t\t\t<\/span>\n\t\t\t\t\t\t\t<\/div>\n\t\t\t\t\t\t<\/div>\n\t\t\t\t\t\t<div class=\"eael-feature-list-content-box\">\n\t\t\t\t\t\t\t<h3 class=\"eael-feature-list-title\"\t\t\t\t\t\t\t>Gi\u1ea3i ph\u00e1p d\u1ecbch v\u1ee5 h\u1eadu m\u00e3i<\/h3\t\t\t\t\t\t>\n\t\t\t\t\t\t<p class=\"eael-feature-list-content\">Abex cung c\u1ea5p gi\u1ea3i ph\u00e1p to\u00e0n di\u1ec7n t\u1eeb b\u1ea3o d\u01b0\u1ee1ng ch\u1ee7 \u0111\u1ed9ng, n\u00e2ng c\u1ea5p li\u00ean t\u1ee5c c\u0169ng nh\u01b0 h\u1ed7 tr\u1ee3 d\u1ecbch v\u1ee5 li\u00ean t\u1ee5c \u0111\u1ec3 \u0111\u00e1p \u1ee9ng c\u00e1c nhu c\u1ea7u kinh doanh kh\u00e1c nhau.\n<br><br>\nTh\u1ecfa thu\u1eadn c\u1ee7a ch\u00fang t\u00f4i cung c\u1ea5p c\u00e1c gi\u1ea3i ph\u00e1p linh ho\u1ea1t \u0111\u1ec3 n\u00e2ng c\u1ea5p, thay th\u1ebf b\u1ed9 ph\u1eadn, l\u00e0m m\u1edbi ph\u1ea7n c\u1ee9ng v\u00e0 h\u01a1n th\u1ebf n\u1eefa \u0111\u1ec3 \u0111\u01b0\u1ee3c l\u1ef1a ch\u1ecdn theo y\u00eau c\u1ea7u ri\u00eang. Ch\u00fang bao g\u1ed3m:\n<\/p>\n\t\t\t\t\t\t<\/div>\n\n\t\t\t\t\t<\/li>\n\t\t\t\t                <li class=\"eael-feature-list-item elementor-repeater-item-71f4312\">\n                    \n\t\t\t\t\t\t<div class=\"eael-feature-list-icon-box\">\n\t\t\t\t\t\t\t<div class=\"eael-feature-list-icon-inner\">\n\n\t\t\t\t\t\t\t\t<span class=\"eael-feature-list-icon fl-icon-2\">\n\n\t\t<i aria-hidden=\"true\" class=\"icon icon-light-bulb-1\"><\/i>\t\t\t\t\t\t\t\t<\/span>\n\t\t\t\t\t\t\t<\/div>\n\t\t\t\t\t\t<\/div>\n\t\t\t\t\t\t<div class=\"eael-feature-list-content-box\">\n\t\t\t\t\t\t\t<h3 class=\"eael-feature-list-title\"\t\t\t\t\t\t\t>K\u1ebf ho\u1ea1ch b\u1ea3o tr\u00ec ph\u00f2ng ng\u1eeba (PPM)<\/h3\t\t\t\t\t\t>\n\t\t\t\t\t\t<p class=\"eael-feature-list-content\">V\u1edbi PPM, b\u1ea1n c\u00f3 th\u1ec3 tin t\u01b0\u1edfng v\u00e0o ch\u00fang t\u00f4i trong vi\u1ec7c duy tr\u00ec h\u1ec7 th\u1ed1ng c\u1ee7a b\u1ea1n v\u00e0 t\u1eadn h\u01b0\u1edfng s\u1ef1 y\u00ean t\u00e2m! K\u1ef9 s\u01b0 chuy\u00ean nghi\u1ec7p c\u1ee7a ch\u00fang t\u00f4i s\u1ebd th\u1ef1c hi\u1ec7n ki\u1ec3m tra v\u00e0 th\u0103m kh\u00e1m \u0111\u1ecbnh k\u1ef3 \u0111\u1ec3 lo\u1ea1i b\u1ecf t\u00ecnh tr\u1ea1ng gi\u00e1n \u0111o\u1ea1n \u0111\u1ed9t xu\u1ea5t v\u00e0 \u0111\u1ea3m b\u1ea3o hi\u1ec7u su\u1ea5t h\u1ec7 th\u1ed1ng t\u1ed1i \u01b0u.\n<\/p>\n\t\t\t\t\t\t<\/div>\n\n\t\t\t\t\t<\/li>\n\t\t\t\t                <li class=\"eael-feature-list-item elementor-repeater-item-e9ce78f\">\n                    \n\t\t\t\t\t\t<div class=\"eael-feature-list-icon-box\">\n\t\t\t\t\t\t\t<div class=\"eael-feature-list-icon-inner\">\n\n\t\t\t\t\t\t\t\t<span class=\"eael-feature-list-icon fl-icon-3\">\n\n\t\t<i aria-hidden=\"true\" class=\"icon icon-favorites1\"><\/i>\t\t\t\t\t\t\t\t<\/span>\n\t\t\t\t\t\t\t<\/div>\n\t\t\t\t\t\t<\/div>\n\t\t\t\t\t\t<div class=\"eael-feature-list-content-box\">\n\t\t\t\t\t\t\t<h3 class=\"eael-feature-list-title\"\t\t\t\t\t\t\t>D\u1ecbch v\u1ee5 kh\u1eafc ph\u1ee5c kh\u00f4ng gi\u1edbi h\u1ea1n<\/h3\t\t\t\t\t\t>\n\t\t\t\t\t\t<p class=\"eael-feature-list-content\">Th\u1ecfa thu\u1eadn c\u1ee7a ch\u00fang t\u00f4i bao g\u1ed3m h\u1ed7 tr\u1ee3 kh\u00f4ng gi\u1edbi h\u1ea1n v\u1ec1 s\u1ef1 c\u1ed1 v\u00e0 khi\u1ebfu n\u1ea1i do c\u00e1c chuy\u00ean gia chuy\u00ean nghi\u1ec7p x\u1eed l\u00fd. C\u1ea3 chuy\u00ean gia t\u1ea1i ch\u1ed7 v\u00e0 t\u1eeb xa \u0111\u1ec1u s\u1eb5n s\u00e0ng tr\u1ee3 gi\u00fap ngay l\u1eadp t\u1ee9c.\n<\/p>\n\t\t\t\t\t\t<\/div>\n\n\t\t\t\t\t<\/li>\n\t\t\t\t                <li class=\"eael-feature-list-item elementor-repeater-item-0d6cdc7\">\n                    \n\t\t\t\t\t\t<div class=\"eael-feature-list-icon-box\">\n\t\t\t\t\t\t\t<div class=\"eael-feature-list-icon-inner\">\n\n\t\t\t\t\t\t\t\t<span class=\"eael-feature-list-icon fl-icon-4\">\n\n\t\t<i aria-hidden=\"true\" class=\"icon icon-hours-support\"><\/i>\t\t\t\t\t\t\t\t<\/span>\n\t\t\t\t\t\t\t<\/div>\n\t\t\t\t\t\t<\/div>\n\t\t\t\t\t\t<div class=\"eael-feature-list-content-box\">\n\t\t\t\t\t\t\t<h3 class=\"eael-feature-list-title\"\t\t\t\t\t\t\t>H\u1ed7 tr\u1ee3 t\u1eeb xa ch\u1ee7 \u0111\u1ed9ng<\/h3\t\t\t\t\t\t>\n\t\t\t\t\t\t<p class=\"eael-feature-list-content\">B\u1ea1n c\u00f3 th\u1ec3 t\u1eadn h\u01b0\u1edfng c\u00e1c d\u1ecbch v\u1ee5 ch\u1ea9n \u0111o\u00e1n v\u00e0 s\u1eeda ch\u1eefa t\u1eeb xa 24\/7 \u0111\u1ec3 gi\u1ea3i quy\u1ebft v\u1ea5n \u0111\u1ec1 nhanh ch\u00f3ng.\n<br>\n* Ch\u1ec9 kh\u1ea3 d\u1ee5ng tr\u00ean ph\u01b0\u01a1ng th\u1ee9c \u0111\u00e3 ch\u1ecdn*<br>\nH\u1ed7 tr\u1ee3 t\u1ea1i ch\u1ed7<br>\nC\u00e1c chuy\u00ean gia t\u1ea1i ch\u1ed7 lu\u00f4n s\u1eb5n s\u00e0ng nhanh ch\u00f3ng \u0111\u1ec3 h\u1ed7 tr\u1ee3 kh\u00f4i ph\u1ee5c h\u1ec7 th\u1ed1ng c\u0169ng nh\u01b0 thay th\u1ebf b\u1ed9 ph\u1eadn.\n<\/p>\n\t\t\t\t\t\t<\/div>\n\n\t\t\t\t\t<\/li>\n\t\t\t\t                <li class=\"eael-feature-list-item elementor-repeater-item-99bee3b\">\n                    \n\t\t\t\t\t\t<div class=\"eael-feature-list-icon-box\">\n\t\t\t\t\t\t\t<div class=\"eael-feature-list-icon-inner\">\n\n\t\t\t\t\t\t\t\t<span class=\"eael-feature-list-icon fl-icon-5\">\n\n\t\t<i aria-hidden=\"true\" class=\"icon icon-cogwheel\"><\/i>\t\t\t\t\t\t\t\t<\/span>\n\t\t\t\t\t\t\t<\/div>\n\t\t\t\t\t\t<\/div>\n\t\t\t\t\t\t<div class=\"eael-feature-list-content-box\">\n\t\t\t\t\t\t\t<h3 class=\"eael-feature-list-title\"\t\t\t\t\t\t\t>Thay th\u1ebf ph\u1ee5 t\u00f9ng<\/h3\t\t\t\t\t\t>\n\t\t\t\t\t\t<p class=\"eael-feature-list-content\">Nh\u1eadn d\u1ecbch v\u1ee5 thay th\u1ebf ph\u1ee5 t\u00f9ng thay th\u1ebf kh\u00f4ng r\u1eafc r\u1ed1i, nhanh ch\u00f3ng v\u00e0 \u0111\u00e1ng tin c\u1eady c\u00f3 s\u1eb5n ngay tr\u01b0\u1edbc c\u1eeda nh\u00e0 b\u1ea1n.\n<\/p>\n\t\t\t\t\t\t<\/div>\n\n\t\t\t\t\t<\/li>\n\t\t\t\t                <li class=\"eael-feature-list-item elementor-repeater-item-a923789\">\n                    \n\t\t\t\t\t\t<div class=\"eael-feature-list-icon-box\">\n\t\t\t\t\t\t\t<div class=\"eael-feature-list-icon-inner\">\n\n\t\t\t\t\t\t\t\t<span class=\"eael-feature-list-icon fl-icon-6\">\n\n\t\t<i aria-hidden=\"true\" class=\"icon icon-graduation-hat\"><\/i>\t\t\t\t\t\t\t\t<\/span>\n\t\t\t\t\t\t\t<\/div>\n\t\t\t\t\t\t<\/div>\n\t\t\t\t\t\t<div class=\"eael-feature-list-content-box\">\n\t\t\t\t\t\t\t<h3 class=\"eael-feature-list-title\"\t\t\t\t\t\t\t>H\u1ed7 tr\u1ee3 \u0111\u00e0o t\u1ea1o &amp; \u1ee9ng d\u1ee5ng<\/h3\t\t\t\t\t\t>\n\t\t\t\t\t\t<p class=\"eael-feature-list-content\">Ch\u00fang t\u00f4i bao g\u1ed3m c\u00e1c d\u1ecbch v\u1ee5 h\u01b0\u1edbng d\u1eabn nh\u00e2n vi\u00ean c\u00e1ch s\u1eed d\u1ee5ng s\u1ea3n ph\u1ea9m t\u1ed1t nh\u1ea5t v\u1edbi h\u1ed7 tr\u1ee3 \u1ee9ng d\u1ee5ng v\u00e0 \u0111\u00e0o t\u1ea1o \u0111\u1ed9c quy\u1ec1n, th\u00f4ng qua chuy\u00ean m\u00f4n t\u1ea1i ch\u1ed7 ho\u1eb7c t\u1eeb xa.\n<\/p>\n\t\t\t\t\t\t<\/div>\n\n\t\t\t\t\t<\/li>\n\t\t\t\t                <li class=\"eael-feature-list-item elementor-repeater-item-ef271a5\">\n                    \n\t\t\t\t\t\t<div class=\"eael-feature-list-icon-box\">\n\t\t\t\t\t\t\t<div class=\"eael-feature-list-icon-inner\">\n\n\t\t\t\t\t\t\t\t<span class=\"eael-feature-list-icon fl-icon-7\">\n\n\t\t<i aria-hidden=\"true\" class=\"icon icon-upload1\"><\/i>\t\t\t\t\t\t\t\t<\/span>\n\t\t\t\t\t\t\t<\/div>\n\t\t\t\t\t\t<\/div>\n\t\t\t\t\t\t<div class=\"eael-feature-list-content-box\">\n\t\t\t\t\t\t\t<h3 class=\"eael-feature-list-title\"\t\t\t\t\t\t\t>Gi\u1ea3i ph\u00e1p n\u00e2ng c\u1ea5p<\/h3\t\t\t\t\t\t>\n\t\t\t\t\t\t<p class=\"eael-feature-list-content\">N\u00e2ng c\u1ea5p ph\u1ea7n m\u1ec1m gi\u00fap b\u1ea1n lu\u00f4n \u0111i \u0111\u1ea7u trong vi\u1ec7c ph\u00e1t tri\u1ec3n ph\u1ea7n m\u1ec1m v\u00e0 t\u1eadn d\u1ee5ng t\u1ed1i \u0111a c\u00f4ng ngh\u1ec7 m\u1edbi nh\u1ea5t.\n<br><br>\nL\u00e0m m\u1edbi ph\u1ea7n c\u1ee9ng gi\u00fap k\u00e9o d\u00e0i tu\u1ed5i th\u1ecd thi\u1ebft b\u1ecb v\u00e0 t\u0103ng hi\u1ec7u su\u1ea5t v\u1edbi d\u1ecbch v\u1ee5 chuy\u00ean bi\u1ec7t v\u1ec1 n\u00e2ng c\u1ea5p v\u00e0 ph\u1ee5c h\u1ed3i thi\u1ebft b\u1ecb.\n<\/p>\n\t\t\t\t\t\t<\/div>\n\n\t\t\t\t\t<\/li>\n\t\t\t\t                <li class=\"eael-feature-list-item elementor-repeater-item-0da2628\">\n                    \n\t\t\t\t\t\t<div class=\"eael-feature-list-icon-box\">\n\t\t\t\t\t\t\t<div class=\"eael-feature-list-icon-inner\">\n\n\t\t\t\t\t\t\t\t<span class=\"eael-feature-list-icon fl-icon-8\">\n\n\t\t<i aria-hidden=\"true\" class=\"icon icon-clipboard11\"><\/i>\t\t\t\t\t\t\t\t<\/span>\n\t\t\t\t\t\t\t<\/div>\n\t\t\t\t\t\t<\/div>\n\t\t\t\t\t\t<div class=\"eael-feature-list-content-box\">\n\t\t\t\t\t\t\t<h3 class=\"eael-feature-list-title\"\t\t\t\t\t\t\t>Kh\u1ea3o s\u00e1t, l\u1eadp k\u1ebf ho\u1ea1ch v\u00e0 ki\u1ec3m tra \u0111\u1ecba \u0111i\u1ec3m<\/h3\t\t\t\t\t\t>\n\t\t\t\t\t\t<p class=\"eael-feature-list-content\">L\u1eadp k\u1ebf ho\u1ea1ch v\u00e0 chu\u1ea9n b\u1ecb \u0111\u1ecba \u0111i\u1ec3m ph\u00f9 h\u1ee3p l\u00e0 \u0111i\u1ec1u c\u1ea7n thi\u1ebft cho s\u1ef1 th\u00e0nh c\u00f4ng c\u1ee7a vi\u1ec7c th\u1ef1c hi\u1ec7n d\u1ef1 \u00e1n.<br>\nNh\u00f3m d\u1ef1 \u00e1n c\u1ee7a ch\u00fang t\u00f4i cung c\u1ea5p c\u00e1c d\u1ecbch v\u1ee5 \u0111\u1ec3 hi\u1ec3u y\u00eau c\u1ea7u c\u1ee7a b\u1ea1n, ti\u1ebfp c\u1eadn nhu c\u1ea7u c\u1ee7a b\u1ea1n, b\u1eaft \u0111\u1ea7u thi\u1ebft k\u1ebf s\u01a1 b\u1ed9 v\u00e0 t\u01b0 v\u1ea5n v\u1ec1 quy ho\u1ea1ch kh\u00f4ng gian c\u0169ng nh\u01b0 chu\u1ea9n b\u1ecb m\u1eb7t b\u1eb1ng \u0111\u01b0\u1ee3c t\u00f9y ch\u1ec9nh cho ph\u00f9 h\u1ee3p v\u1edbi \u0111\u1eb7c \u0111i\u1ec3m k\u1ef9 thu\u1eadt c\u1ee7a b\u1ea1n.\n<\/p>\n\t\t\t\t\t\t<\/div>\n\n\t\t\t\t\t<\/li>\n\t\t\t\t\t\t\t<\/ul>\n\t\t<\/div>\n\t\t\t\t<\/div>\n\t\t\t\t<\/div>\n\t\t\t\t\t<\/div>\n\t\t<\/div>\n\t\t\t\t\t<\/div>\n\t\t<\/section>\n\t\t\t\t\t<\/div>\n\t\t<\/div>\n\t\t\t\t\t<\/div>\n\t\t<\/section>\n\t\t\t\t<\/div>","protected":false},"excerpt":{"rendered":"<p>Customer\u2019s satisfaction is our priority! Abex has always taken pride in our excellent customer support in committing professionalism to customer\u2019s satisfaction. We\u2019re excited to be your partner in taking care [&hellip;]<\/p>","protected":false},"author":1,"featured_media":0,"parent":0,"menu_order":0,"comment_status":"closed","ping_status":"closed","template":"elementor_header_footer","meta":{"footnotes":"","_links_to":"","_links_to_target":""},"class_list":["post-451","page","type-page","status-publish","hentry"],"acf":[],"_links":{"self":[{"href":"https:\/\/abexglobalhc.com\/vn\/vi\/wp-json\/wp\/v2\/pages\/451","targetHints":{"allow":["GET"]}}],"collection":[{"href":"https:\/\/abexglobalhc.com\/vn\/vi\/wp-json\/wp\/v2\/pages"}],"about":[{"href":"https:\/\/abexglobalhc.com\/vn\/vi\/wp-json\/wp\/v2\/types\/page"}],"author":[{"embeddable":true,"href":"https:\/\/abexglobalhc.com\/vn\/vi\/wp-json\/wp\/v2\/users\/1"}],"replies":[{"embeddable":true,"href":"https:\/\/abexglobalhc.com\/vn\/vi\/wp-json\/wp\/v2\/comments?post=451"}],"version-history":[{"count":10,"href":"https:\/\/abexglobalhc.com\/vn\/vi\/wp-json\/wp\/v2\/pages\/451\/revisions"}],"predecessor-version":[{"id":1029,"href":"https:\/\/abexglobalhc.com\/vn\/vi\/wp-json\/wp\/v2\/pages\/451\/revisions\/1029"}],"wp:attachment":[{"href":"https:\/\/abexglobalhc.com\/vn\/vi\/wp-json\/wp\/v2\/media?parent=451"}],"curies":[{"name":"wp","href":"https:\/\/api.w.org\/{rel}","templated":true}]}}