{"id":58931,"date":"2023-07-18T02:53:46","date_gmt":"2023-07-18T02:53:46","guid":{"rendered":"https:\/\/abexglobalhc.com\/vn\/?page_id=58931"},"modified":"2023-07-18T02:54:59","modified_gmt":"2023-07-18T02:54:59","slug":"company-activities-section","status":"publish","type":"page","link":"https:\/\/abexglobalhc.com\/vn\/vi\/company-activities-section\/","title":{"rendered":"Company Activities Section"},"content":{"rendered":"<div data-elementor-type=\"wp-page\" data-elementor-id=\"58931\" class=\"elementor elementor-58931\">\n\t\t\t\t\t\t<section class=\"elementor-section elementor-top-section elementor-element elementor-element-5f6ec41 elementor-section-boxed elementor-section-height-default elementor-section-height-default\" data-id=\"5f6ec41\" data-element_type=\"section\" id=\"h2\">\n\t\t\t\t\t\t<div class=\"elementor-container elementor-column-gap-default\">\n\t\t\t\t\t<div class=\"elementor-column elementor-col-100 elementor-top-column elementor-element elementor-element-61e5236\" data-id=\"61e5236\" data-element_type=\"column\">\n\t\t\t<div class=\"elementor-widget-wrap elementor-element-populated\">\n\t\t\t\t\t\t<div class=\"elementor-element elementor-element-01ccfd7 elementor-widget elementor-widget-uael-posts\" data-id=\"01ccfd7\" data-element_type=\"widget\" data-settings=\"{&quot;card_slides_to_show&quot;:3,&quot;card_slides_to_show_tablet&quot;:2,&quot;card_slides_to_show_mobile&quot;:1}\" data-widget_type=\"uael-posts.card\">\n\t\t\t\t<div class=\"elementor-widget-container\">\n\t\t\t\t\t<div class=\"uael-post__grid-empty\">\r\n\t\t\t<p>Xin l\u1ed7i, ch\u00fang t\u00f4i kh\u00f4ng th\u1ec3 t\u00ecm th\u1ea5y b\u1ea5t k\u1ef3 b\u00e0i vi\u1ebft n\u00e0o. Vui l\u00f2ng th\u1eed m\u1ed9t t\u00ecm ki\u1ebfm kh\u00e1c.<\/p>\r\n\t\t\t\t\t<\/div>\r\n\t\t\t\t<\/div>\n\t\t\t\t<\/div>\n\t\t\t\t\t<\/div>\n\t\t<\/div>\n\t\t\t\t\t<\/div>\n\t\t<\/section>\n\t\t\t\t<\/div>","protected":false},"excerpt":{"rendered":"<p>Company Outing 2019 October 17, 2019 No Comments Date: 17 &#8211; 20 October 2019 Venue: Phuket, Thailand Read More \u2192 Durian Feast &#038; Orchard Visit July 13, 2019 No Comments [&hellip;]<\/p>","protected":false},"author":1,"featured_media":0,"parent":0,"menu_order":0,"comment_status":"closed","ping_status":"closed","template":"elementor_canvas","meta":{"footnotes":"","_links_to":"","_links_to_target":""},"class_list":["post-58931","page","type-page","status-publish","hentry"],"acf":[],"_links":{"self":[{"href":"https:\/\/abexglobalhc.com\/vn\/vi\/wp-json\/wp\/v2\/pages\/58931","targetHints":{"allow":["GET"]}}],"collection":[{"href":"https:\/\/abexglobalhc.com\/vn\/vi\/wp-json\/wp\/v2\/pages"}],"about":[{"href":"https:\/\/abexglobalhc.com\/vn\/vi\/wp-json\/wp\/v2\/types\/page"}],"author":[{"embeddable":true,"href":"https:\/\/abexglobalhc.com\/vn\/vi\/wp-json\/wp\/v2\/users\/1"}],"replies":[{"embeddable":true,"href":"https:\/\/abexglobalhc.com\/vn\/vi\/wp-json\/wp\/v2\/comments?post=58931"}],"version-history":[{"count":4,"href":"https:\/\/abexglobalhc.com\/vn\/vi\/wp-json\/wp\/v2\/pages\/58931\/revisions"}],"predecessor-version":[{"id":58935,"href":"https:\/\/abexglobalhc.com\/vn\/vi\/wp-json\/wp\/v2\/pages\/58931\/revisions\/58935"}],"wp:attachment":[{"href":"https:\/\/abexglobalhc.com\/vn\/vi\/wp-json\/wp\/v2\/media?parent=58931"}],"curies":[{"name":"wp","href":"https:\/\/api.w.org\/{rel}","templated":true}]}}