{"id":1105,"date":"2022-10-14T14:18:20","date_gmt":"2022-10-14T14:18:20","guid":{"rendered":"https:\/\/abexglobalhc.com\/vn\/?post_type=product&#038;p=1105"},"modified":"2024-01-19T07:08:32","modified_gmt":"2024-01-19T07:08:32","slug":"superficial-and-semideep-hyperthermia-alba-on4000d","status":"publish","type":"product","link":"https:\/\/abexglobalhc.com\/vn\/vi\/san-pham\/superficial-and-semideep-hyperthermia-alba-on4000d\/","title":{"rendered":"T\u0103ng th\u00e2n nhi\u1ec7t b\u1ec1 ngo\u00e0i v\u00e0 b\u00e1n s\u00e2u: Alba On4000D"},"content":{"rendered":"<p>ALBA ON 4000D l\u00e0 h\u1ec7 th\u1ed1ng t\u0103ng th\u00e2n nhi\u1ec7t b\u1ee9c x\u1ea1 ho\u1ea1t \u0111\u1ed9ng \u1edf t\u1ea7n s\u1ed1 c\u1ed1 \u0111\u1ecbnh 434 MHz. Thi\u1ebft b\u1ecb n\u00e0y \u0111\u01b0\u1ee3c trang b\u1ecb \u0103ng-ten vi d\u1ea3i c\u00f3 \u0111\u1ed9 t\u1eadp trung cao, cong c\u00f3 c\u00f4ng ngh\u1ec7 b\u1ee9c x\u1ea1 v\u1edbi m\u1ed9t ngu\u1ed3n n\u01b0\u1edbc t\u00edch h\u1ee3p \u0111\u1ec3 l\u00e0m n\u00f3ng c\u00e1c m\u1ee5c ti\u00eau m\u1ed9t c\u00e1ch an to\u00e0n v\u00e0 hi\u1ec7u qu\u1ea3, trong kho\u1ea3ng 41-43\u00b0C trong 60 ph\u00fat, theo y\u00eau c\u1ea7u c\u1ee7a h\u01b0\u1edbng d\u1eabn c\u1ee7a ESHO (Hi\u1ec7p h\u1ed9i Ung th\u01b0 T\u0103ng th\u00e2n nhi\u1ec7t Ch\u00e2u \u00c2u) .<\/p>","protected":false},"excerpt":{"rendered":"<p>The ALBA ON 4000D is a radiative hyperthermia system working at a fixed frequency of 434MHz. The unit is equipped with radiative technology curved high focused microstrip antennas with an [&hellip;]<\/p>","protected":false},"featured_media":1280,"comment_status":"open","ping_status":"closed","template":"","meta":{"_links_to":"","_links_to_target":""},"product_cat":[50,27],"product_tag":[],"class_list":["post-1105","product","type-product","status-publish","has-post-thumbnail","hentry","product_cat-hyperthermia","product_cat-oncology"],"acf":[],"_links":{"self":[{"href":"https:\/\/abexglobalhc.com\/vn\/vi\/wp-json\/wp\/v2\/product\/1105","targetHints":{"allow":["GET"]}}],"collection":[{"href":"https:\/\/abexglobalhc.com\/vn\/vi\/wp-json\/wp\/v2\/product"}],"about":[{"href":"https:\/\/abexglobalhc.com\/vn\/vi\/wp-json\/wp\/v2\/types\/product"}],"replies":[{"embeddable":true,"href":"https:\/\/abexglobalhc.com\/vn\/vi\/wp-json\/wp\/v2\/comments?post=1105"}],"wp:featuredmedia":[{"embeddable":true,"href":"https:\/\/abexglobalhc.com\/vn\/vi\/wp-json\/wp\/v2\/media\/1280"}],"wp:attachment":[{"href":"https:\/\/abexglobalhc.com\/vn\/vi\/wp-json\/wp\/v2\/media?parent=1105"}],"wp:term":[{"taxonomy":"product_cat","embeddable":true,"href":"https:\/\/abexglobalhc.com\/vn\/vi\/wp-json\/wp\/v2\/product_cat?post=1105"},{"taxonomy":"product_tag","embeddable":true,"href":"https:\/\/abexglobalhc.com\/vn\/vi\/wp-json\/wp\/v2\/product_tag?post=1105"}],"curies":[{"name":"wp","href":"https:\/\/api.w.org\/{rel}","templated":true}]}}