{"id":1627,"date":"2023-01-17T09:12:34","date_gmt":"2023-01-17T09:12:34","guid":{"rendered":"https:\/\/abexglobalhc.com\/vn\/?post_type=product&#038;p=1627"},"modified":"2024-01-19T07:08:25","modified_gmt":"2024-01-19T07:08:25","slug":"flexitron-co-60","status":"publish","type":"product","link":"https:\/\/abexglobalhc.com\/vn\/vi\/san-pham\/flexitron-co-60\/","title":{"rendered":"Flexitron Co-60"},"content":{"rendered":"<p>Flexitron l\u00e0 m\u1ed9t n\u1ec1n t\u1ea3ng t\u0103ng c\u01b0\u1eddng \u00e1p s\u00e1t tr\u1ecb li\u1ec7u. N\u00f3 cung c\u1ea5p m\u1ed9t quy tr\u00ecnh l\u00e0m vi\u1ec7c h\u1ee3p l\u00fd v\u00e0 ho\u1ea1t \u0111\u1ed9ng h\u1ec7 th\u1ed1ng tr\u1ef1c quan cung c\u1ea5p nhi\u1ec1u logic h\u01a1n v\u00e0 \u00edt bi\u1ebfn h\u01a1n. N\u00f3 c\u0169ng \u0111\u00e3 t\u1ed1i \u01b0u h\u00f3a quy tr\u00ecnh \u0111i\u1ec1u tr\u1ecb d\u1ef1a tr\u00ean ph\u00e2n t\u00edch quy tr\u00ecnh l\u00e0m vi\u1ec7c c\u1ee7a kh\u00e1ch h\u00e0ng.<\/p>","protected":false},"excerpt":{"rendered":"<p>Flexitron is a brachytherapy afterloading platform. It offers a logical workflow and intuitive system operation providing more logic and fewer variables. It also has optimized the treatment delivery process based [&hellip;]<\/p>","protected":false},"featured_media":58688,"comment_status":"open","ping_status":"closed","template":"","meta":{"_links_to":"","_links_to_target":""},"product_cat":[56,27],"product_tag":[],"class_list":["post-1627","product","type-product","status-publish","has-post-thumbnail","hentry","product_cat-brachytherapy","product_cat-oncology"],"acf":[],"_links":{"self":[{"href":"https:\/\/abexglobalhc.com\/vn\/vi\/wp-json\/wp\/v2\/product\/1627","targetHints":{"allow":["GET"]}}],"collection":[{"href":"https:\/\/abexglobalhc.com\/vn\/vi\/wp-json\/wp\/v2\/product"}],"about":[{"href":"https:\/\/abexglobalhc.com\/vn\/vi\/wp-json\/wp\/v2\/types\/product"}],"replies":[{"embeddable":true,"href":"https:\/\/abexglobalhc.com\/vn\/vi\/wp-json\/wp\/v2\/comments?post=1627"}],"wp:featuredmedia":[{"embeddable":true,"href":"https:\/\/abexglobalhc.com\/vn\/vi\/wp-json\/wp\/v2\/media\/58688"}],"wp:attachment":[{"href":"https:\/\/abexglobalhc.com\/vn\/vi\/wp-json\/wp\/v2\/media?parent=1627"}],"wp:term":[{"taxonomy":"product_cat","embeddable":true,"href":"https:\/\/abexglobalhc.com\/vn\/vi\/wp-json\/wp\/v2\/product_cat?post=1627"},{"taxonomy":"product_tag","embeddable":true,"href":"https:\/\/abexglobalhc.com\/vn\/vi\/wp-json\/wp\/v2\/product_tag?post=1627"}],"curies":[{"name":"wp","href":"https:\/\/api.w.org\/{rel}","templated":true}]}}